{"id":4407,"date":"2019-11-25T17:18:27","date_gmt":"2019-11-25T16:18:27","guid":{"rendered":"https:\/\/artpictureshop.com\/?page_id=4407"},"modified":"2019-11-25T17:29:47","modified_gmt":"2019-11-25T16:29:47","slug":"4407-2","status":"publish","type":"page","link":"https:\/\/artpictureshop.com\/it\/4407-2\/","title":{"rendered":"La squadra"},"content":{"rendered":"<p>L\u2019union des regards fait la diversit\u00e9&nbsp;des images.&nbsp;<\/p>\n\n\n\n<p>L\u2019atelier\u00a0Art Picture Shop\u00a0propose une s\u00e9lection de\u00a0photographies d\u2019auteurs,\u00a0\u00e9dit\u00e9es dans leur format original ou en grand format, voire\u00a0de\u00a0telle\u00a0sorte \u00e0\u00a0recouvrir\u00a0un pan de mur entier.\u00a0Le respect absolu de la volont\u00e9 des artistes implique cependant que certaines \u0153uvres soient tir\u00e9es \u00e0 peu d\u2019exemplaires et seulement dans leur format original.\u00a0Les supports d\u2019impression sont multiples\u00a0: papier, tableau lumineux, Plexiglas,\u00a0Dibond, aluminium bross\u00e9,\u00a0PVC\u00a0et\u00a0toile.\u00a0<\/p>\n\n\n\n<p>Ces \u0153uvres&nbsp;s\u2019adressent&nbsp;aussi bien aux&nbsp;d\u00e9corateurs,&nbsp;aux architectes d\u2019int\u00e9rieur, aux professionnels du tourisme&nbsp;et, plus g\u00e9n\u00e9ralement,&nbsp;\u00e0 tous ceux qui,&nbsp;recevant un&nbsp;public, sont&nbsp;sensibles \u00e0 la beaut\u00e9 des images et&nbsp;souhaitent magnifier leur environnement professionnel ou, tout simplement, leur lieu de vie.&nbsp;<\/p>\n\n\n\n<p>Le si\u00e8ge social\u00a0d\u2019Art Picture Shop\u00a0se trouve sur la C\u00f4te d\u2019Azur,\u00a0\u00e0\u00a0Eze\u00a0Bord-de-Mer, o\u00f9 sont trait\u00e9es les commandes, d\u2019o\u00f9 qu\u2019elles viennent. En dehors des commandes pass\u00e9es \u00e0\u00a0distance, l\u2019ambition\u00a0de l\u2019atelier est de se d\u00e9marquer des mastodontes de la vente en ligne\u00a0en conservant\u00a0une\u00a0pratique\u00a0\u00e0 taille humaine.\u00a0Toute personne d\u00e9sireuse de d\u00e9couvrir l\u2019atelier y\u00a0est accueillieafin d\u2019examiner et de satisfaire les besoins au cas par cas, dans un esprit de coop\u00e9ration et d\u2019\u00e9coute. \u00a0<\/p>\n\n\n\n<p>Les photographes\u00a0engag\u00e9s dans l\u2019aventure d\u2019Art Picture Shop\u00a0partagent\u00a0un air de famille. Ils ont plac\u00e9\u00a0leur vie \u00e0 l\u2019enseigne d\u2019une aventure humaine qui passe par\u00a0l\u2019exploration\u00a0d\u2019un tr\u00e9sor in\u00e9puisable\u00a0:\u00a0notre bonne vieille\u00a0Terre\u00a0dont ils se\u00a0sont faits les ambassadeurs. Ils ont su garderintacte une facult\u00e9 d\u2019\u00e9merveillement et un\u00a0d\u00e9sir\u00a0de la faire partager.\u00a0<\/p>\n\n\n\n<p>Ils&nbsp;ont choisi de vivre&nbsp;aux quatre coins de la plan\u00e8te, dans des lieux insolites o\u00f9 ils&nbsp;partagent&nbsp;la vie des autochtones, anim\u00e9s d\u2019une foi in\u00e9branlable dans la magie des rapports humains et&nbsp;une authentique capacit\u00e9 \u00e0&nbsp;restituer dans leurs images les merveilles de l\u2019environnement naturel.&nbsp;<\/p>\n\n\n\n<p>L\u2019\u0153il d\u2019Horus\u00a0qui sert de logo \u00e0\u00a0Art Picture Shop\u00a0est l\u00e0 pour\u00a0souligner\u00a0l\u2019id\u00e9e d\u2019un regard complet sur le monde, et rendre\u00a0visible ce qui ne l\u2019est pas \u00e0 premi\u00e8re vue. Et puisque cet \u0153il \u00e9tait\u00a0aussi\u00a0repr\u00e9sent\u00e9 sur les proues des\u00a0bateaux afin de tenir le cap, le\u00a0voyage d\u2019Art Picture Shop\u00a0ne fait que commencer\u2026\u00a0<\/p>","protected":false},"excerpt":{"rendered":"<p>L\u2019union des regards fait la diversit\u00e9&nbsp;des images.&nbsp; L\u2019atelier\u00a0Art Picture Shop\u00a0propose une s\u00e9lection de\u00a0photographies d\u2019auteurs,\u00a0\u00e9dit\u00e9es dans leur format original ou en grand format, voire\u00a0de\u00a0telle\u00a0sorte \u00e0\u00a0recouvrir\u00a0un pan de mur entier.\u00a0Le respect absolu de la volont\u00e9 des artistes implique cependant que certaines \u0153uvres soient tir\u00e9es \u00e0 peu d\u2019exemplaires et seulement dans leur format original.\u00a0Les supports d\u2019impression sont multiples\u00a0: [&hellip;]<\/p>\n","protected":false},"author":22,"featured_media":0,"parent":0,"menu_order":0,"comment_status":"closed","ping_status":"closed","template":"","meta":{"_genesis_hide_title":false,"_genesis_hide_breadcrumbs":false,"_genesis_hide_singular_image":false,"_genesis_hide_footer_widgets":false,"_genesis_custom_body_class":"","_genesis_custom_post_class":"","_genesis_layout":"","footnotes":""},"class_list":{"0":"post-4407","1":"page","2":"type-page","3":"status-publish","5":"entry"},"yoast_head":"<!-- This site is optimized with the Yoast SEO plugin v26.8 - https:\/\/yoast.com\/product\/yoast-seo-wordpress\/ -->\n<title>L\u2019\u00e9quipe &#187; Tableaux photo, photos d\u2019art<\/title>\n<meta name=\"description\" content=\"D\u00e9crouvrez un s\u00e9lection unique de photos pour d\u00e9coration murale, photos d\u2019artt, photo poster, photo XXL sur supports design, aluminium, PVC. Tableaux photo pour d\u00e9co d\u2019int\u00e9rieur.\" \/>\n<meta name=\"robots\" content=\"index, follow, max-snippet:-1, max-image-preview:large, max-video-preview:-1\" \/>\n<link rel=\"canonical\" href=\"https:\/\/artpictureshop.com\/it\/4407-2\/\" \/>\n<meta property=\"og:locale\" content=\"it_IT\" \/>\n<meta property=\"og:type\" content=\"article\" \/>\n<meta property=\"og:title\" content=\"L\u2019\u00e9quipe &#187; Tableaux photo, photos d\u2019art\" \/>\n<meta property=\"og:description\" content=\"D\u00e9crouvrez un s\u00e9lection unique de photos pour d\u00e9coration murale, photos d\u2019artt, photo poster, photo XXL sur supports design, aluminium, PVC. Tableaux photo pour d\u00e9co d\u2019int\u00e9rieur.\" \/>\n<meta property=\"og:url\" content=\"https:\/\/artpictureshop.com\/it\/4407-2\/\" \/>\n<meta property=\"og:site_name\" content=\"Tableaux photo, photos d\u2019art\" \/>\n<meta property=\"article:publisher\" content=\"https:\/\/www.facebook.com\/artpictureshop\/\" \/>\n<meta property=\"article:modified_time\" content=\"2019-11-25T16:29:47+00:00\" \/>\n<meta name=\"twitter:card\" content=\"summary_large_image\" \/>\n<meta name=\"twitter:site\" content=\"@ArtPictureShop1\" \/>\n<meta name=\"twitter:label1\" content=\"Tempo di lettura stimato\" \/>\n\t<meta name=\"twitter:data1\" content=\"2 minuti\" \/>\n<script type=\"application\/ld+json\" class=\"yoast-schema-graph\">{\"@context\":\"https:\/\/schema.org\",\"@graph\":[{\"@type\":\"WebPage\",\"@id\":\"https:\/\/artpictureshop.com\/4407-2\/\",\"url\":\"https:\/\/artpictureshop.com\/4407-2\/\",\"name\":\"L\u2019\u00e9quipe &#187; Tableaux photo, photos d\u2019art\",\"isPartOf\":{\"@id\":\"https:\/\/artpictureshop.com\/#website\"},\"datePublished\":\"2019-11-25T16:18:27+00:00\",\"dateModified\":\"2019-11-25T16:29:47+00:00\",\"description\":\"D\u00e9crouvrez un s\u00e9lection unique de photos pour d\u00e9coration murale, photos d\u2019artt, photo poster, photo XXL sur supports design, aluminium, PVC. Tableaux photo pour d\u00e9co d\u2019int\u00e9rieur.\",\"breadcrumb\":{\"@id\":\"https:\/\/artpictureshop.com\/4407-2\/#breadcrumb\"},\"inLanguage\":\"it-IT\",\"potentialAction\":[{\"@type\":\"ReadAction\",\"target\":[\"https:\/\/artpictureshop.com\/4407-2\/\"]}]},{\"@type\":\"BreadcrumbList\",\"@id\":\"https:\/\/artpictureshop.com\/4407-2\/#breadcrumb\",\"itemListElement\":[{\"@type\":\"ListItem\",\"position\":1,\"name\":\"Accueil\",\"item\":\"https:\/\/artpictureshop.com\/\"},{\"@type\":\"ListItem\",\"position\":2,\"name\":\"L\u2019\u00e9quipe\"}]},{\"@type\":\"WebSite\",\"@id\":\"https:\/\/artpictureshop.com\/#website\",\"url\":\"https:\/\/artpictureshop.com\/\",\"name\":\"Tableaux photo, photos d\u2019art\",\"description\":\"Grands formats\",\"publisher\":{\"@id\":\"https:\/\/artpictureshop.com\/#organization\"},\"potentialAction\":[{\"@type\":\"SearchAction\",\"target\":{\"@type\":\"EntryPoint\",\"urlTemplate\":\"https:\/\/artpictureshop.com\/?s={search_term_string}\"},\"query-input\":{\"@type\":\"PropertyValueSpecification\",\"valueRequired\":true,\"valueName\":\"search_term_string\"}}],\"inLanguage\":\"it-IT\"},{\"@type\":\"Organization\",\"@id\":\"https:\/\/artpictureshop.com\/#organization\",\"name\":\"Art Picture Shop\",\"url\":\"https:\/\/artpictureshop.com\/\",\"logo\":{\"@type\":\"ImageObject\",\"inLanguage\":\"it-IT\",\"@id\":\"https:\/\/artpictureshop.com\/#\/schema\/logo\/image\/\",\"url\":\"\",\"contentUrl\":\"\",\"caption\":\"Art Picture Shop\"},\"image\":{\"@id\":\"https:\/\/artpictureshop.com\/#\/schema\/logo\/image\/\"},\"sameAs\":[\"https:\/\/www.facebook.com\/artpictureshop\/\",\"https:\/\/x.com\/ArtPictureShop1\"]}]}<\/script>\n<!-- \/ Yoast SEO plugin. -->","yoast_head_json":{"title":"L\u2019\u00e9quipe &#187; Tableaux photo, photos d\u2019art","description":"Scoprite una selezione unica di foto per la decorazione murale, foto artistiche, foto poster, foto XXL su supporti di design, alluminio, PVC. Pannelli fotografici per la decorazione d'interni.","robots":{"index":"index","follow":"follow","max-snippet":"max-snippet:-1","max-image-preview":"max-image-preview:large","max-video-preview":"max-video-preview:-1"},"canonical":"https:\/\/artpictureshop.com\/it\/4407-2\/","og_locale":"it_IT","og_type":"article","og_title":"L\u2019\u00e9quipe &#187; Tableaux photo, photos d\u2019art","og_description":"D\u00e9crouvrez un s\u00e9lection unique de photos pour d\u00e9coration murale, photos d\u2019artt, photo poster, photo XXL sur supports design, aluminium, PVC. Tableaux photo pour d\u00e9co d\u2019int\u00e9rieur.","og_url":"https:\/\/artpictureshop.com\/it\/4407-2\/","og_site_name":"Tableaux photo, photos d\u2019art","article_publisher":"https:\/\/www.facebook.com\/artpictureshop\/","article_modified_time":"2019-11-25T16:29:47+00:00","twitter_card":"summary_large_image","twitter_site":"@ArtPictureShop1","twitter_misc":{"Tempo di lettura stimato":"2 minuti"},"schema":{"@context":"https:\/\/schema.org","@graph":[{"@type":"WebPage","@id":"https:\/\/artpictureshop.com\/4407-2\/","url":"https:\/\/artpictureshop.com\/4407-2\/","name":"L\u2019\u00e9quipe &#187; Tableaux photo, photos d\u2019art","isPartOf":{"@id":"https:\/\/artpictureshop.com\/#website"},"datePublished":"2019-11-25T16:18:27+00:00","dateModified":"2019-11-25T16:29:47+00:00","description":"Scoprite una selezione unica di foto per la decorazione murale, foto artistiche, foto poster, foto XXL su supporti di design, alluminio, PVC. Pannelli fotografici per la decorazione d'interni.","breadcrumb":{"@id":"https:\/\/artpictureshop.com\/4407-2\/#breadcrumb"},"inLanguage":"it-IT","potentialAction":[{"@type":"ReadAction","target":["https:\/\/artpictureshop.com\/4407-2\/"]}]},{"@type":"BreadcrumbList","@id":"https:\/\/artpictureshop.com\/4407-2\/#breadcrumb","itemListElement":[{"@type":"ListItem","position":1,"name":"Accueil","item":"https:\/\/artpictureshop.com\/"},{"@type":"ListItem","position":2,"name":"L\u2019\u00e9quipe"}]},{"@type":"WebSite","@id":"https:\/\/artpictureshop.com\/#website","url":"https:\/\/artpictureshop.com\/","name":"Dipinti fotografici, foto d'arte","description":"Grandi formati","publisher":{"@id":"https:\/\/artpictureshop.com\/#organization"},"potentialAction":[{"@type":"SearchAction","target":{"@type":"EntryPoint","urlTemplate":"https:\/\/artpictureshop.com\/?s={search_term_string}"},"query-input":{"@type":"PropertyValueSpecification","valueRequired":true,"valueName":"search_term_string"}}],"inLanguage":"it-IT"},{"@type":"Organization","@id":"https:\/\/artpictureshop.com\/#organization","name":"Negozio di immagini d'arte","url":"https:\/\/artpictureshop.com\/","logo":{"@type":"ImageObject","inLanguage":"it-IT","@id":"https:\/\/artpictureshop.com\/#\/schema\/logo\/image\/","url":"","contentUrl":"","caption":"Art Picture Shop"},"image":{"@id":"https:\/\/artpictureshop.com\/#\/schema\/logo\/image\/"},"sameAs":["https:\/\/www.facebook.com\/artpictureshop\/","https:\/\/x.com\/ArtPictureShop1"]}]}},"featured_image_src":null,"featured_image_src_square":null,"jetpack_sharing_enabled":true,"_links":{"self":[{"href":"https:\/\/artpictureshop.com\/it\/wp-json\/wp\/v2\/pages\/4407","targetHints":{"allow":["GET"]}}],"collection":[{"href":"https:\/\/artpictureshop.com\/it\/wp-json\/wp\/v2\/pages"}],"about":[{"href":"https:\/\/artpictureshop.com\/it\/wp-json\/wp\/v2\/types\/page"}],"author":[{"embeddable":true,"href":"https:\/\/artpictureshop.com\/it\/wp-json\/wp\/v2\/users\/22"}],"replies":[{"embeddable":true,"href":"https:\/\/artpictureshop.com\/it\/wp-json\/wp\/v2\/comments?post=4407"}],"version-history":[{"count":0,"href":"https:\/\/artpictureshop.com\/it\/wp-json\/wp\/v2\/pages\/4407\/revisions"}],"wp:attachment":[{"href":"https:\/\/artpictureshop.com\/it\/wp-json\/wp\/v2\/media?parent=4407"}],"curies":[{"name":"wp","href":"https:\/\/api.w.org\/{rel}","templated":true}]}}