{"id":3,"date":"2019-08-12T14:40:45","date_gmt":"2019-08-12T12:40:45","guid":{"rendered":"http:\/\/artpictureshop.com\/?page_id=3"},"modified":"2019-08-27T10:30:00","modified_gmt":"2019-08-27T08:30:00","slug":"politique-de-confidentialite","status":"publish","type":"page","link":"https:\/\/artpictureshop.com\/it\/politique-de-confidentialite\/","title":{"rendered":"Informativa sulla privacy"},"content":{"rendered":"<h2 class=\"wp-block-heading\">Chi siamo?<\/h2>\n\n\n\n<p>L'indirizzo del nostro sito web \u00e8 : <a href=\"https:\/\/artpictureshop.com\/it\/\">https:\/\/artpictureshop.com<\/a>.<\/p>\n\n\n\n<h2 class=\"wp-block-heading\">Utilizzo dei dati personali raccolti<\/h2>\n\n\n\n<h3 class=\"wp-block-heading\">Commenti<\/h3>\n\n\n\n<p>Quando lasciate un commento sul nostro sito web, non solo i dati inseriti nel modulo di commento, ma anche il vostro indirizzo IP e l'user agent del vostro browser vengono raccolti per aiutarci a rilevare i commenti indesiderati.<\/p>\n\n\n\n<p>Una stringa anonima creata dal tuo indirizzo email (chiamata anche hash) pu\u00f2 essere inviata al servizio Gravatar per verificare se la stai usando. L'informativa sulla privacy del servizio Gravatar \u00e8 disponibile qui: https:\/\/automattic.com\/privacy\/. Dopo aver convalidato il tuo commento, la foto del tuo profilo sar\u00e0 visibile pubblicamente accanto al tuo commento.<\/p>\n\n\n\n<h3 class=\"wp-block-heading\">Media<\/h3>\n\n\n\n<p>Se sei un utente registrato e carichi immagini sul sito web, ti consigliamo di evitare di caricare immagini contenenti dati di coordinate GPS EXIF. I visitatori del vostro sito web possono scaricare ed estrarre i dati di localizzazione da queste immagini.<\/p>\n\n\n\n<h3 class=\"wp-block-heading\">Moduli di contatto<\/h3>\n\n\n\n<h3 class=\"wp-block-heading\">Biscotti<\/h3>\n\n\n\n<p>Se lasciate un commento sul nostro sito, vi verr\u00e0 chiesto di salvare il vostro nome, indirizzo e-mail e sito web nei cookie. Questo \u00e8 solo per vostra comodit\u00e0, in modo che non dobbiate inserire queste informazioni se fate un altro commento in seguito. Questi cookie scadono dopo un anno.<\/p>\n\n\n\n<p>Se si dispone di un account e si accede a questo sito, verr\u00e0 creato un cookie temporaneo per determinare se il browser accetta i cookie. Non contiene dati personali e verr\u00e0 cancellato automaticamente alla chiusura del browser.<\/p>\n\n\n\n<p>Una volta effettuato il login, imposteremo un certo numero di cookie per registrare le informazioni di login e le preferenze dello schermo. La durata di un cookie di accesso \u00e8 di due giorni, e la durata di un cookie di opzione dello schermo \u00e8 di un anno. Se spuntate \"Ricordati di me\", il vostro cookie verr\u00e0 conservato per due settimane. Se si esce dal proprio account, il cookie verr\u00e0 cancellato.<\/p>\n\n\n\n<p>Quando si modifica o si pubblica una pubblicazione, nel browser viene memorizzato un cookie aggiuntivo. Questo cookie non contiene dati personali. Indica semplicemente l'ID della pubblicazione appena modificata. Scade dopo un giorno.<\/p>\n\n\n\n<h3 class=\"wp-block-heading\">Contenuti incorporati da altri siti<\/h3>\n\n\n\n<p>Gli articoli di questo sito possono includere contenuti incorporati (ad esempio video, immagini, articoli...). I contenuti incorporati da altri siti si comportano come se il visitatore stesse visitando quell'altro sito.<\/p>\n\n\n\n<p>Questi siti web possono raccogliere dati su di voi, utilizzare cookie, incorporare strumenti di monitoraggio di terze parti, monitorare le vostre interazioni con tali contenuti incorporati, se avete un account collegato al loro sito web.<\/p>\n\n\n\n<h3 class=\"wp-block-heading\">Statistiche e misurazioni del pubblico<\/h3>\n\n\n\n<h2 class=\"wp-block-heading\">Utilizzo e trasmissione dei vostri dati personali<\/h2>\n\n\n\n<h2 class=\"wp-block-heading\">Per quanto tempo \u00e8 possibile memorizzare i dati<\/h2>\n\n\n\n<p>Se si lascia un commento, il commento e i suoi metadati vengono conservati a tempo indeterminato. Ci\u00f2 consente di riconoscere e approvare automaticamente i commenti successivi invece di lasciarli nella coda di moderazione.<\/p>\n\n\n\n<p>Per gli utenti che si registrano sul nostro sito (se possibile), conserviamo anche i dati personali indicati nel loro profilo. Tutti gli utenti possono visualizzare, modificare o cancellare i loro dati personali in qualsiasi momento (ad eccezione del loro nome utente). I gestori del sito possono anche visualizzare e modificare queste informazioni.<\/p>\n\n\n\n<h2 class=\"wp-block-heading\">I diritti che avete sui vostri dati<\/h2>\n\n\n\n<p>Se hai un account o se hai lasciato dei commenti sul sito, puoi richiedere di ricevere un file contenente tutti i dati personali che abbiamo su di te, compresi quelli che hai fornito. Potete anche richiedere la cancellazione dei vostri dati personali. Sono esclusi i dati conservati per scopi amministrativi, legali o di sicurezza.<\/p>\n\n\n\n<h2 class=\"wp-block-heading\">Trasmissione dei vostri dati personali<\/h2>\n\n\n\n<p>I commenti dei visitatori possono essere verificati utilizzando un servizio automatizzato per rilevare i commenti indesiderati.<\/p>\n\n\n\n<h2 class=\"wp-block-heading\">Informazioni di contatto<\/h2>\n\n\n\n<h2 class=\"wp-block-heading\">Ulteriori informazioni<\/h2>\n\n\n\n<h3 class=\"wp-block-heading\">Come proteggiamo i vostri dati<\/h3>\n\n\n\n<h3 class=\"wp-block-heading\">Procedure in caso di perdita di dati<\/h3>\n\n\n\n<h3 class=\"wp-block-heading\">Servizi di terzi che ci trasmettono i dati<\/h3>\n\n\n\n<h3 class=\"wp-block-heading\">Operazioni automatizzate di marketing e\/o profilazione effettuate con l'utilizzo di dati personali<\/h3>\n\n\n\n<h3 class=\"wp-block-heading\">Visualizzazione delle informazioni relative ai settori soggetti a normative specifiche<\/h3>","protected":false},"excerpt":{"rendered":"<p>Qui sommes-nous&nbsp;? L\u2019adresse de notre site Web est\u00a0: https:\/\/artpictureshop.com. Utilisation des donn\u00e9es personnelles collect\u00e9es Commentaires Quand vous laissez un commentaire sur notre site web, les donn\u00e9es inscrites dans le formulaire de commentaire, mais aussi votre adresse IP et l\u2019agent utilisateur de votre navigateur sont collect\u00e9s pour nous aider \u00e0 la d\u00e9tection des commentaires ind\u00e9sirables. Une [&hellip;]<\/p>\n","protected":false},"author":22,"featured_media":0,"parent":0,"menu_order":0,"comment_status":"closed","ping_status":"open","template":"","meta":{"_genesis_hide_title":false,"_genesis_hide_breadcrumbs":false,"_genesis_hide_singular_image":false,"_genesis_hide_footer_widgets":false,"_genesis_custom_body_class":"","_genesis_custom_post_class":"","_genesis_layout":"","footnotes":""},"class_list":{"0":"post-3","1":"page","2":"type-page","3":"status-publish","5":"entry"},"yoast_head":"<!-- This site is optimized with the Yoast SEO plugin v26.8 - https:\/\/yoast.com\/product\/yoast-seo-wordpress\/ -->\n<title>Politique de confidentialit\u00e9 &#187; Tableaux photo, photos d\u2019art<\/title>\n<meta name=\"description\" content=\"D\u00e9crouvrez un s\u00e9lection unique de photos pour d\u00e9coration murale, photos d\u2019artt, photo poster, photo XXL sur supports design, aluminium, PVC. Tableaux photo pour d\u00e9co d\u2019int\u00e9rieur.\" \/>\n<meta name=\"robots\" content=\"index, follow, max-snippet:-1, max-image-preview:large, max-video-preview:-1\" \/>\n<link rel=\"canonical\" href=\"https:\/\/artpictureshop.com\/it\/politique-de-confidentialite\/\" \/>\n<meta property=\"og:locale\" content=\"it_IT\" \/>\n<meta property=\"og:type\" content=\"article\" \/>\n<meta property=\"og:title\" content=\"Politique de confidentialit\u00e9 &#187; Tableaux photo, photos d\u2019art\" \/>\n<meta property=\"og:description\" content=\"D\u00e9crouvrez un s\u00e9lection unique de photos pour d\u00e9coration murale, photos d\u2019artt, photo poster, photo XXL sur supports design, aluminium, PVC. Tableaux photo pour d\u00e9co d\u2019int\u00e9rieur.\" \/>\n<meta property=\"og:url\" content=\"https:\/\/artpictureshop.com\/it\/politique-de-confidentialite\/\" \/>\n<meta property=\"og:site_name\" content=\"Tableaux photo, photos d\u2019art\" \/>\n<meta property=\"article:publisher\" content=\"https:\/\/www.facebook.com\/artpictureshop\/\" \/>\n<meta property=\"article:modified_time\" content=\"2019-08-27T08:30:00+00:00\" \/>\n<meta name=\"twitter:card\" content=\"summary_large_image\" \/>\n<meta name=\"twitter:site\" content=\"@ArtPictureShop1\" \/>\n<meta name=\"twitter:label1\" content=\"Tempo di lettura stimato\" \/>\n\t<meta name=\"twitter:data1\" content=\"4 minuti\" \/>\n<script type=\"application\/ld+json\" class=\"yoast-schema-graph\">{\"@context\":\"https:\/\/schema.org\",\"@graph\":[{\"@type\":\"WebPage\",\"@id\":\"https:\/\/artpictureshop.com\/politique-de-confidentialite\/\",\"url\":\"https:\/\/artpictureshop.com\/politique-de-confidentialite\/\",\"name\":\"Politique de confidentialit\u00e9 &#187; Tableaux photo, photos d\u2019art\",\"isPartOf\":{\"@id\":\"https:\/\/artpictureshop.com\/#website\"},\"datePublished\":\"2019-08-12T12:40:45+00:00\",\"dateModified\":\"2019-08-27T08:30:00+00:00\",\"description\":\"D\u00e9crouvrez un s\u00e9lection unique de photos pour d\u00e9coration murale, photos d\u2019artt, photo poster, photo XXL sur supports design, aluminium, PVC. Tableaux photo pour d\u00e9co d\u2019int\u00e9rieur.\",\"breadcrumb\":{\"@id\":\"https:\/\/artpictureshop.com\/politique-de-confidentialite\/#breadcrumb\"},\"inLanguage\":\"it-IT\",\"potentialAction\":[{\"@type\":\"ReadAction\",\"target\":[\"https:\/\/artpictureshop.com\/politique-de-confidentialite\/\"]}]},{\"@type\":\"BreadcrumbList\",\"@id\":\"https:\/\/artpictureshop.com\/politique-de-confidentialite\/#breadcrumb\",\"itemListElement\":[{\"@type\":\"ListItem\",\"position\":1,\"name\":\"Accueil\",\"item\":\"https:\/\/artpictureshop.com\/\"},{\"@type\":\"ListItem\",\"position\":2,\"name\":\"Politique de confidentialit\u00e9\"}]},{\"@type\":\"WebSite\",\"@id\":\"https:\/\/artpictureshop.com\/#website\",\"url\":\"https:\/\/artpictureshop.com\/\",\"name\":\"Tableaux photo, photos d\u2019art\",\"description\":\"Grands formats\",\"publisher\":{\"@id\":\"https:\/\/artpictureshop.com\/#organization\"},\"potentialAction\":[{\"@type\":\"SearchAction\",\"target\":{\"@type\":\"EntryPoint\",\"urlTemplate\":\"https:\/\/artpictureshop.com\/?s={search_term_string}\"},\"query-input\":{\"@type\":\"PropertyValueSpecification\",\"valueRequired\":true,\"valueName\":\"search_term_string\"}}],\"inLanguage\":\"it-IT\"},{\"@type\":\"Organization\",\"@id\":\"https:\/\/artpictureshop.com\/#organization\",\"name\":\"Art Picture Shop\",\"url\":\"https:\/\/artpictureshop.com\/\",\"logo\":{\"@type\":\"ImageObject\",\"inLanguage\":\"it-IT\",\"@id\":\"https:\/\/artpictureshop.com\/#\/schema\/logo\/image\/\",\"url\":\"\",\"contentUrl\":\"\",\"caption\":\"Art Picture Shop\"},\"image\":{\"@id\":\"https:\/\/artpictureshop.com\/#\/schema\/logo\/image\/\"},\"sameAs\":[\"https:\/\/www.facebook.com\/artpictureshop\/\",\"https:\/\/x.com\/ArtPictureShop1\"]}]}<\/script>\n<!-- \/ Yoast SEO plugin. -->","yoast_head_json":{"title":"Politique de confidentialit\u00e9 &#187; Tableaux photo, photos d\u2019art","description":"Scoprite una selezione unica di foto per la decorazione murale, foto artistiche, foto poster, foto XXL su supporti di design, alluminio, PVC. Pannelli fotografici per la decorazione d'interni.","robots":{"index":"index","follow":"follow","max-snippet":"max-snippet:-1","max-image-preview":"max-image-preview:large","max-video-preview":"max-video-preview:-1"},"canonical":"https:\/\/artpictureshop.com\/it\/politique-de-confidentialite\/","og_locale":"it_IT","og_type":"article","og_title":"Politique de confidentialit\u00e9 &#187; Tableaux photo, photos d\u2019art","og_description":"D\u00e9crouvrez un s\u00e9lection unique de photos pour d\u00e9coration murale, photos d\u2019artt, photo poster, photo XXL sur supports design, aluminium, PVC. Tableaux photo pour d\u00e9co d\u2019int\u00e9rieur.","og_url":"https:\/\/artpictureshop.com\/it\/politique-de-confidentialite\/","og_site_name":"Tableaux photo, photos d\u2019art","article_publisher":"https:\/\/www.facebook.com\/artpictureshop\/","article_modified_time":"2019-08-27T08:30:00+00:00","twitter_card":"summary_large_image","twitter_site":"@ArtPictureShop1","twitter_misc":{"Tempo di lettura stimato":"4 minuti"},"schema":{"@context":"https:\/\/schema.org","@graph":[{"@type":"WebPage","@id":"https:\/\/artpictureshop.com\/politique-de-confidentialite\/","url":"https:\/\/artpictureshop.com\/politique-de-confidentialite\/","name":"Politique de confidentialit\u00e9 &#187; Tableaux photo, photos d\u2019art","isPartOf":{"@id":"https:\/\/artpictureshop.com\/#website"},"datePublished":"2019-08-12T12:40:45+00:00","dateModified":"2019-08-27T08:30:00+00:00","description":"Scoprite una selezione unica di foto per la decorazione murale, foto artistiche, foto poster, foto XXL su supporti di design, alluminio, PVC. Pannelli fotografici per la decorazione d'interni.","breadcrumb":{"@id":"https:\/\/artpictureshop.com\/politique-de-confidentialite\/#breadcrumb"},"inLanguage":"it-IT","potentialAction":[{"@type":"ReadAction","target":["https:\/\/artpictureshop.com\/politique-de-confidentialite\/"]}]},{"@type":"BreadcrumbList","@id":"https:\/\/artpictureshop.com\/politique-de-confidentialite\/#breadcrumb","itemListElement":[{"@type":"ListItem","position":1,"name":"Accueil","item":"https:\/\/artpictureshop.com\/"},{"@type":"ListItem","position":2,"name":"Politique de confidentialit\u00e9"}]},{"@type":"WebSite","@id":"https:\/\/artpictureshop.com\/#website","url":"https:\/\/artpictureshop.com\/","name":"Dipinti fotografici, foto d'arte","description":"Grandi formati","publisher":{"@id":"https:\/\/artpictureshop.com\/#organization"},"potentialAction":[{"@type":"SearchAction","target":{"@type":"EntryPoint","urlTemplate":"https:\/\/artpictureshop.com\/?s={search_term_string}"},"query-input":{"@type":"PropertyValueSpecification","valueRequired":true,"valueName":"search_term_string"}}],"inLanguage":"it-IT"},{"@type":"Organization","@id":"https:\/\/artpictureshop.com\/#organization","name":"Negozio di immagini d'arte","url":"https:\/\/artpictureshop.com\/","logo":{"@type":"ImageObject","inLanguage":"it-IT","@id":"https:\/\/artpictureshop.com\/#\/schema\/logo\/image\/","url":"","contentUrl":"","caption":"Art Picture Shop"},"image":{"@id":"https:\/\/artpictureshop.com\/#\/schema\/logo\/image\/"},"sameAs":["https:\/\/www.facebook.com\/artpictureshop\/","https:\/\/x.com\/ArtPictureShop1"]}]}},"featured_image_src":null,"featured_image_src_square":null,"jetpack_sharing_enabled":true,"_links":{"self":[{"href":"https:\/\/artpictureshop.com\/it\/wp-json\/wp\/v2\/pages\/3","targetHints":{"allow":["GET"]}}],"collection":[{"href":"https:\/\/artpictureshop.com\/it\/wp-json\/wp\/v2\/pages"}],"about":[{"href":"https:\/\/artpictureshop.com\/it\/wp-json\/wp\/v2\/types\/page"}],"author":[{"embeddable":true,"href":"https:\/\/artpictureshop.com\/it\/wp-json\/wp\/v2\/users\/22"}],"replies":[{"embeddable":true,"href":"https:\/\/artpictureshop.com\/it\/wp-json\/wp\/v2\/comments?post=3"}],"version-history":[{"count":0,"href":"https:\/\/artpictureshop.com\/it\/wp-json\/wp\/v2\/pages\/3\/revisions"}],"wp:attachment":[{"href":"https:\/\/artpictureshop.com\/it\/wp-json\/wp\/v2\/media?parent=3"}],"curies":[{"name":"wp","href":"https:\/\/api.w.org\/{rel}","templated":true}]}}