{"id":2429,"date":"2019-10-14T16:54:12","date_gmt":"2019-10-14T14:54:12","guid":{"rendered":"https:\/\/artpictureshop.com\/?post_type=product&#038;p=2429"},"modified":"2020-07-20T10:19:47","modified_gmt":"2020-07-20T08:19:47","slug":"ghost-of-things-past-paul-papadopoulos","status":"publish","type":"product","link":"https:\/\/artpictureshop.com\/en\/product\/ghost-of-things-past-paul-papadopoulos\/","title":{"rendered":"Ghost of things past"},"content":{"rendered":"<p>Photo prise dans le temple du Bayon pr\u00e8s de Siem Reap au Cambodge.<\/p>\n<p>Limited edition (series of 30), copy 12\/30, size A1, printed on Canson Infinity Baryta Photographic paper.<\/p>\n<p>Les tirages limit\u00e9s sont sign\u00e9s, num\u00e9rot\u00e9s et un certificat d&rsquo;authenticit\u00e9 sera fourni.<\/p>\n<p>&nbsp;<\/p>","protected":false},"excerpt":{"rendered":"<p>Fant\u00f4mes dans le temple du Bayon.<\/p>\n<p>Auteur : <a href=\"https:\/\/artpictureshop.com\/en\/paul-papadopoulos\/\">Paul Papadopoulos<\/a><\/p>","protected":false},"featured_media":2293,"comment_status":"open","ping_status":"closed","template":"","meta":{"_genesis_hide_title":false,"_genesis_hide_breadcrumbs":false,"_genesis_hide_singular_image":false,"_genesis_hide_footer_widgets":false,"_genesis_custom_body_class":"","_genesis_custom_post_class":"","_genesis_layout":"full-width-content"},"product_brand":[],"product_cat":[110,90,86,111,58,30],"product_tag":[52],"class_list":{"0":"post-2429","1":"product","2":"type-product","3":"status-publish","4":"has-post-thumbnail","6":"product_cat-asie","7":"product_cat-couleur","8":"product_cat-orient","9":"product_cat-spiritualite","10":"product_cat-tirage-limite","11":"product_cat-paul-papadopoulos","12":"product_tag-cambodge","13":"pa_materiaux-canson-baryta-photographique","14":"pa_taille-a1-59-4-x-84-1cm","15":"tm-no-options","16":"entry","18":"first","19":"instock","20":"shipping-taxable","21":"purchasable","22":"product-type-variable","23":"has-default-attributes"},"yoast_head":"<!-- This site is optimized with the Yoast SEO plugin v26.8 - https:\/\/yoast.com\/product\/yoast-seo-wordpress\/ -->\n<title>Ghost of things past &#187; Tableaux photo, photos d\u2019art<\/title>\n<meta name=\"description\" content=\"Photo d\u00e9coration murale, Cambodge. Moine bouddhiste, portrait en noir et blanc de Paul Papadopoulos, 2019.\" \/>\n<meta name=\"robots\" content=\"index, follow, max-snippet:-1, max-image-preview:large, max-video-preview:-1\" \/>\n<link rel=\"canonical\" href=\"https:\/\/artpictureshop.com\/en\/prodotto\/ghost-of-things-past-paul-papadopoulos\/\" \/>\n<meta property=\"og:locale\" content=\"en_GB\" \/>\n<meta property=\"og:type\" content=\"article\" \/>\n<meta property=\"og:title\" content=\"Ghost of things past &#187; Tableaux photo, photos d\u2019art\" \/>\n<meta property=\"og:description\" content=\"Photo d\u00e9coration murale, Cambodge. Moine bouddhiste, portrait en noir et blanc de Paul Papadopoulos, 2019.\" \/>\n<meta property=\"og:url\" content=\"https:\/\/artpictureshop.com\/en\/prodotto\/ghost-of-things-past-paul-papadopoulos\/\" \/>\n<meta property=\"og:site_name\" content=\"Tableaux photo, photos d\u2019art\" \/>\n<meta property=\"article:publisher\" content=\"https:\/\/www.facebook.com\/artpictureshop\/\" \/>\n<meta property=\"article:modified_time\" content=\"2020-07-20T08:19:47+00:00\" \/>\n<meta property=\"og:image\" content=\"https:\/\/i0.wp.com\/artpictureshop.com\/wp-content\/uploads\/2019\/10\/PAUL_PAPADOPOULOS_CAMBODIA_GHOSTS-2292.jpg?fit=533%2C800&ssl=1\" \/>\n\t<meta property=\"og:image:width\" content=\"533\" \/>\n\t<meta property=\"og:image:height\" content=\"800\" \/>\n\t<meta property=\"og:image:type\" content=\"image\/jpeg\" \/>\n<meta name=\"twitter:card\" content=\"summary_large_image\" \/>\n<meta name=\"twitter:site\" content=\"@ArtPictureShop1\" \/>\n<script type=\"application\/ld+json\" class=\"yoast-schema-graph\">{\"@context\":\"https:\/\/schema.org\",\"@graph\":[{\"@type\":\"WebPage\",\"@id\":\"https:\/\/artpictureshop.com\/it\/prodotto\/ghost-of-things-past-paul-papadopoulos\/\",\"url\":\"https:\/\/artpictureshop.com\/it\/prodotto\/ghost-of-things-past-paul-papadopoulos\/\",\"name\":\"Ghost of things past &#187; Tableaux photo, photos d\u2019art\",\"isPartOf\":{\"@id\":\"https:\/\/artpictureshop.com\/#website\"},\"primaryImageOfPage\":{\"@id\":\"https:\/\/artpictureshop.com\/it\/prodotto\/ghost-of-things-past-paul-papadopoulos\/#primaryimage\"},\"image\":{\"@id\":\"https:\/\/artpictureshop.com\/it\/prodotto\/ghost-of-things-past-paul-papadopoulos\/#primaryimage\"},\"thumbnailUrl\":\"https:\/\/i0.wp.com\/artpictureshop.com\/wp-content\/uploads\/2019\/10\/PAUL_PAPADOPOULOS_CAMBODIA_GHOSTS-2292.jpg?fit=533%2C800&ssl=1\",\"datePublished\":\"2019-10-14T14:54:12+00:00\",\"dateModified\":\"2020-07-20T08:19:47+00:00\",\"description\":\"Photo d\u00e9coration murale, Cambodge. Moine bouddhiste, portrait en noir et blanc de Paul Papadopoulos, 2019.\",\"breadcrumb\":{\"@id\":\"https:\/\/artpictureshop.com\/it\/prodotto\/ghost-of-things-past-paul-papadopoulos\/#breadcrumb\"},\"inLanguage\":\"en-GB\",\"potentialAction\":[{\"@type\":\"ReadAction\",\"target\":[\"https:\/\/artpictureshop.com\/it\/prodotto\/ghost-of-things-past-paul-papadopoulos\/\"]}]},{\"@type\":\"ImageObject\",\"inLanguage\":\"en-GB\",\"@id\":\"https:\/\/artpictureshop.com\/it\/prodotto\/ghost-of-things-past-paul-papadopoulos\/#primaryimage\",\"url\":\"https:\/\/i0.wp.com\/artpictureshop.com\/wp-content\/uploads\/2019\/10\/PAUL_PAPADOPOULOS_CAMBODIA_GHOSTS-2292.jpg?fit=533%2C800&ssl=1\",\"contentUrl\":\"https:\/\/i0.wp.com\/artpictureshop.com\/wp-content\/uploads\/2019\/10\/PAUL_PAPADOPOULOS_CAMBODIA_GHOSTS-2292.jpg?fit=533%2C800&ssl=1\",\"width\":533,\"height\":800,\"caption\":\"Bayon Temple, Siem Reap, Cambodia\"},{\"@type\":\"BreadcrumbList\",\"@id\":\"https:\/\/artpictureshop.com\/it\/prodotto\/ghost-of-things-past-paul-papadopoulos\/#breadcrumb\",\"itemListElement\":[{\"@type\":\"ListItem\",\"position\":1,\"name\":\"Accueil\",\"item\":\"https:\/\/artpictureshop.com\/\"},{\"@type\":\"ListItem\",\"position\":2,\"name\":\"Boutique\",\"item\":\"https:\/\/artpictureshop.com\/galerie\/\"},{\"@type\":\"ListItem\",\"position\":3,\"name\":\"Cambodge\",\"item\":\"https:\/\/artpictureshop.com\/it\/tag-prodotto\/cambodge\/\"},{\"@type\":\"ListItem\",\"position\":4,\"name\":\"Ghost of things past\"}]},{\"@type\":\"WebSite\",\"@id\":\"https:\/\/artpictureshop.com\/#website\",\"url\":\"https:\/\/artpictureshop.com\/\",\"name\":\"Tableaux photo, photos d\u2019art\",\"description\":\"Grands formats\",\"publisher\":{\"@id\":\"https:\/\/artpictureshop.com\/#organization\"},\"potentialAction\":[{\"@type\":\"SearchAction\",\"target\":{\"@type\":\"EntryPoint\",\"urlTemplate\":\"https:\/\/artpictureshop.com\/?s={search_term_string}\"},\"query-input\":{\"@type\":\"PropertyValueSpecification\",\"valueRequired\":true,\"valueName\":\"search_term_string\"}}],\"inLanguage\":\"en-GB\"},{\"@type\":\"Organization\",\"@id\":\"https:\/\/artpictureshop.com\/#organization\",\"name\":\"Art Picture Shop\",\"url\":\"https:\/\/artpictureshop.com\/\",\"logo\":{\"@type\":\"ImageObject\",\"inLanguage\":\"en-GB\",\"@id\":\"https:\/\/artpictureshop.com\/#\/schema\/logo\/image\/\",\"url\":\"\",\"contentUrl\":\"\",\"caption\":\"Art Picture Shop\"},\"image\":{\"@id\":\"https:\/\/artpictureshop.com\/#\/schema\/logo\/image\/\"},\"sameAs\":[\"https:\/\/www.facebook.com\/artpictureshop\/\",\"https:\/\/x.com\/ArtPictureShop1\"]}]}<\/script>\n<!-- \/ Yoast SEO plugin. -->","yoast_head_json":{"title":"Ghost of things past &#187; Tableaux photo, photos d\u2019art","description":"Photo mural decoration, Cambodia. Buddhist monk, black and white portrait of Paul Papadopoulos, 2019.","robots":{"index":"index","follow":"follow","max-snippet":"max-snippet:-1","max-image-preview":"max-image-preview:large","max-video-preview":"max-video-preview:-1"},"canonical":"https:\/\/artpictureshop.com\/en\/prodotto\/ghost-of-things-past-paul-papadopoulos\/","og_locale":"en_GB","og_type":"article","og_title":"Ghost of things past &#187; Tableaux photo, photos d\u2019art","og_description":"Photo d\u00e9coration murale, Cambodge. Moine bouddhiste, portrait en noir et blanc de Paul Papadopoulos, 2019.","og_url":"https:\/\/artpictureshop.com\/en\/prodotto\/ghost-of-things-past-paul-papadopoulos\/","og_site_name":"Tableaux photo, photos d\u2019art","article_publisher":"https:\/\/www.facebook.com\/artpictureshop\/","article_modified_time":"2020-07-20T08:19:47+00:00","og_image":[{"width":533,"height":800,"url":"https:\/\/i0.wp.com\/artpictureshop.com\/wp-content\/uploads\/2019\/10\/PAUL_PAPADOPOULOS_CAMBODIA_GHOSTS-2292.jpg?fit=533%2C800&ssl=1","type":"image\/jpeg"}],"twitter_card":"summary_large_image","twitter_site":"@ArtPictureShop1","schema":{"@context":"https:\/\/schema.org","@graph":[{"@type":"WebPage","@id":"https:\/\/artpictureshop.com\/it\/prodotto\/ghost-of-things-past-paul-papadopoulos\/","url":"https:\/\/artpictureshop.com\/it\/prodotto\/ghost-of-things-past-paul-papadopoulos\/","name":"Ghost of things past &#187; Tableaux photo, photos d\u2019art","isPartOf":{"@id":"https:\/\/artpictureshop.com\/#website"},"primaryImageOfPage":{"@id":"https:\/\/artpictureshop.com\/it\/prodotto\/ghost-of-things-past-paul-papadopoulos\/#primaryimage"},"image":{"@id":"https:\/\/artpictureshop.com\/it\/prodotto\/ghost-of-things-past-paul-papadopoulos\/#primaryimage"},"thumbnailUrl":"https:\/\/i0.wp.com\/artpictureshop.com\/wp-content\/uploads\/2019\/10\/PAUL_PAPADOPOULOS_CAMBODIA_GHOSTS-2292.jpg?fit=533%2C800&ssl=1","datePublished":"2019-10-14T14:54:12+00:00","dateModified":"2020-07-20T08:19:47+00:00","description":"Photo mural decoration, Cambodia. Buddhist monk, black and white portrait of Paul Papadopoulos, 2019.","breadcrumb":{"@id":"https:\/\/artpictureshop.com\/it\/prodotto\/ghost-of-things-past-paul-papadopoulos\/#breadcrumb"},"inLanguage":"en-GB","potentialAction":[{"@type":"ReadAction","target":["https:\/\/artpictureshop.com\/it\/prodotto\/ghost-of-things-past-paul-papadopoulos\/"]}]},{"@type":"ImageObject","inLanguage":"en-GB","@id":"https:\/\/artpictureshop.com\/it\/prodotto\/ghost-of-things-past-paul-papadopoulos\/#primaryimage","url":"https:\/\/i0.wp.com\/artpictureshop.com\/wp-content\/uploads\/2019\/10\/PAUL_PAPADOPOULOS_CAMBODIA_GHOSTS-2292.jpg?fit=533%2C800&ssl=1","contentUrl":"https:\/\/i0.wp.com\/artpictureshop.com\/wp-content\/uploads\/2019\/10\/PAUL_PAPADOPOULOS_CAMBODIA_GHOSTS-2292.jpg?fit=533%2C800&ssl=1","width":533,"height":800,"caption":"Bayon Temple, Siem Reap, Cambodia"},{"@type":"BreadcrumbList","@id":"https:\/\/artpictureshop.com\/it\/prodotto\/ghost-of-things-past-paul-papadopoulos\/#breadcrumb","itemListElement":[{"@type":"ListItem","position":1,"name":"Accueil","item":"https:\/\/artpictureshop.com\/"},{"@type":"ListItem","position":2,"name":"Boutique","item":"https:\/\/artpictureshop.com\/galerie\/"},{"@type":"ListItem","position":3,"name":"Cambodge","item":"https:\/\/artpictureshop.com\/it\/tag-prodotto\/cambodge\/"},{"@type":"ListItem","position":4,"name":"Ghost of things past"}]},{"@type":"WebSite","@id":"https:\/\/artpictureshop.com\/#website","url":"https:\/\/artpictureshop.com\/","name":"Photo paintings, art photos","description":"Large formats","publisher":{"@id":"https:\/\/artpictureshop.com\/#organization"},"potentialAction":[{"@type":"SearchAction","target":{"@type":"EntryPoint","urlTemplate":"https:\/\/artpictureshop.com\/?s={search_term_string}"},"query-input":{"@type":"PropertyValueSpecification","valueRequired":true,"valueName":"search_term_string"}}],"inLanguage":"en-GB"},{"@type":"Organization","@id":"https:\/\/artpictureshop.com\/#organization","name":"Art Picture Shop","url":"https:\/\/artpictureshop.com\/","logo":{"@type":"ImageObject","inLanguage":"en-GB","@id":"https:\/\/artpictureshop.com\/#\/schema\/logo\/image\/","url":"","contentUrl":"","caption":"Art Picture Shop"},"image":{"@id":"https:\/\/artpictureshop.com\/#\/schema\/logo\/image\/"},"sameAs":["https:\/\/www.facebook.com\/artpictureshop\/","https:\/\/x.com\/ArtPictureShop1"]}]}},"jetpack_sharing_enabled":true,"_links":{"self":[{"href":"https:\/\/artpictureshop.com\/en\/wp-json\/wp\/v2\/product\/2429","targetHints":{"allow":["GET"]}}],"collection":[{"href":"https:\/\/artpictureshop.com\/en\/wp-json\/wp\/v2\/product"}],"about":[{"href":"https:\/\/artpictureshop.com\/en\/wp-json\/wp\/v2\/types\/product"}],"replies":[{"embeddable":true,"href":"https:\/\/artpictureshop.com\/en\/wp-json\/wp\/v2\/comments?post=2429"}],"wp:featuredmedia":[{"embeddable":true,"href":"https:\/\/artpictureshop.com\/en\/wp-json\/wp\/v2\/media\/2293"}],"wp:attachment":[{"href":"https:\/\/artpictureshop.com\/en\/wp-json\/wp\/v2\/media?parent=2429"}],"wp:term":[{"taxonomy":"product_brand","embeddable":true,"href":"https:\/\/artpictureshop.com\/en\/wp-json\/wp\/v2\/product_brand?post=2429"},{"taxonomy":"product_cat","embeddable":true,"href":"https:\/\/artpictureshop.com\/en\/wp-json\/wp\/v2\/product_cat?post=2429"},{"taxonomy":"product_tag","embeddable":true,"href":"https:\/\/artpictureshop.com\/en\/wp-json\/wp\/v2\/product_tag?post=2429"}],"curies":[{"name":"wp","href":"https:\/\/api.w.org\/{rel}","templated":true}]}}