{"id":335,"date":"2019-08-26T14:25:30","date_gmt":"2019-08-26T12:25:30","guid":{"rendered":"https:\/\/artpictureshop.com\/panier\/"},"modified":"2019-10-20T23:41:36","modified_gmt":"2019-10-20T21:41:36","slug":"panier","status":"publish","type":"page","link":"https:\/\/artpictureshop.com\/en\/panier\/","title":{"rendered":"Basket"},"content":{"rendered":"","protected":false},"excerpt":{"rendered":"","protected":false},"author":22,"featured_media":0,"parent":0,"menu_order":0,"comment_status":"closed","ping_status":"closed","template":"","meta":{"_genesis_hide_title":false,"_genesis_hide_breadcrumbs":false,"_genesis_hide_singular_image":false,"_genesis_hide_footer_widgets":false,"_genesis_custom_body_class":"","_genesis_custom_post_class":"","_genesis_layout":"","footnotes":""},"class_list":{"0":"post-335","1":"page","2":"type-page","3":"status-publish","5":"entry"},"yoast_head":"<!-- This site is optimized with the Yoast SEO plugin v26.8 - https:\/\/yoast.com\/product\/yoast-seo-wordpress\/ -->\n<title>Panier &#187; Tableaux photo, photos d\u2019art<\/title>\n<meta name=\"description\" content=\"D\u00e9crouvrez un s\u00e9lection unique de photos pour d\u00e9coration murale, photos d\u2019artt, photo poster, photo XXL sur supports design, aluminium, PVC. Tableaux photo pour d\u00e9co d\u2019int\u00e9rieur.\" \/>\n<meta name=\"robots\" content=\"index, follow, max-snippet:-1, max-image-preview:large, max-video-preview:-1\" \/>\n<link rel=\"canonical\" href=\"https:\/\/artpictureshop.com\/en\/panier\/\" \/>\n<meta property=\"og:locale\" content=\"en_GB\" \/>\n<meta property=\"og:type\" content=\"article\" \/>\n<meta property=\"og:title\" content=\"Panier &#187; Tableaux photo, photos d\u2019art\" \/>\n<meta property=\"og:description\" content=\"D\u00e9crouvrez un s\u00e9lection unique de photos pour d\u00e9coration murale, photos d\u2019artt, photo poster, photo XXL sur supports design, aluminium, PVC. Tableaux photo pour d\u00e9co d\u2019int\u00e9rieur.\" \/>\n<meta property=\"og:url\" content=\"https:\/\/artpictureshop.com\/en\/panier\/\" \/>\n<meta property=\"og:site_name\" content=\"Tableaux photo, photos d\u2019art\" \/>\n<meta property=\"article:publisher\" content=\"https:\/\/www.facebook.com\/artpictureshop\/\" \/>\n<meta property=\"article:modified_time\" content=\"2019-10-20T21:41:36+00:00\" \/>\n<meta name=\"twitter:card\" content=\"summary_large_image\" \/>\n<meta name=\"twitter:site\" content=\"@ArtPictureShop1\" \/>\n<script type=\"application\/ld+json\" class=\"yoast-schema-graph\">{\"@context\":\"https:\/\/schema.org\",\"@graph\":[{\"@type\":\"WebPage\",\"@id\":\"https:\/\/artpictureshop.com\/panier\/\",\"url\":\"https:\/\/artpictureshop.com\/panier\/\",\"name\":\"Panier &#187; Tableaux photo, photos d\u2019art\",\"isPartOf\":{\"@id\":\"https:\/\/artpictureshop.com\/#website\"},\"datePublished\":\"2019-08-26T12:25:30+00:00\",\"dateModified\":\"2019-10-20T21:41:36+00:00\",\"description\":\"D\u00e9crouvrez un s\u00e9lection unique de photos pour d\u00e9coration murale, photos d\u2019artt, photo poster, photo XXL sur supports design, aluminium, PVC. Tableaux photo pour d\u00e9co d\u2019int\u00e9rieur.\",\"breadcrumb\":{\"@id\":\"https:\/\/artpictureshop.com\/panier\/#breadcrumb\"},\"inLanguage\":\"en-GB\",\"potentialAction\":[{\"@type\":\"ReadAction\",\"target\":[\"https:\/\/artpictureshop.com\/panier\/\"]}]},{\"@type\":\"BreadcrumbList\",\"@id\":\"https:\/\/artpictureshop.com\/panier\/#breadcrumb\",\"itemListElement\":[{\"@type\":\"ListItem\",\"position\":1,\"name\":\"Accueil\",\"item\":\"https:\/\/artpictureshop.com\/\"},{\"@type\":\"ListItem\",\"position\":2,\"name\":\"Panier\"}]},{\"@type\":\"WebSite\",\"@id\":\"https:\/\/artpictureshop.com\/#website\",\"url\":\"https:\/\/artpictureshop.com\/\",\"name\":\"Tableaux photo, photos d\u2019art\",\"description\":\"Grands formats\",\"publisher\":{\"@id\":\"https:\/\/artpictureshop.com\/#organization\"},\"potentialAction\":[{\"@type\":\"SearchAction\",\"target\":{\"@type\":\"EntryPoint\",\"urlTemplate\":\"https:\/\/artpictureshop.com\/?s={search_term_string}\"},\"query-input\":{\"@type\":\"PropertyValueSpecification\",\"valueRequired\":true,\"valueName\":\"search_term_string\"}}],\"inLanguage\":\"en-GB\"},{\"@type\":\"Organization\",\"@id\":\"https:\/\/artpictureshop.com\/#organization\",\"name\":\"Art Picture Shop\",\"url\":\"https:\/\/artpictureshop.com\/\",\"logo\":{\"@type\":\"ImageObject\",\"inLanguage\":\"en-GB\",\"@id\":\"https:\/\/artpictureshop.com\/#\/schema\/logo\/image\/\",\"url\":\"\",\"contentUrl\":\"\",\"caption\":\"Art Picture Shop\"},\"image\":{\"@id\":\"https:\/\/artpictureshop.com\/#\/schema\/logo\/image\/\"},\"sameAs\":[\"https:\/\/www.facebook.com\/artpictureshop\/\",\"https:\/\/x.com\/ArtPictureShop1\"]}]}<\/script>\n<!-- \/ Yoast SEO plugin. -->","yoast_head_json":{"title":"Panier &#187; Tableaux photo, photos d\u2019art","description":"Discover a unique selection of photos for wall decoration, artt photos, poster photos, XXL photos on design supports, aluminium, PVC. Photo boards for interior decoration.","robots":{"index":"index","follow":"follow","max-snippet":"max-snippet:-1","max-image-preview":"max-image-preview:large","max-video-preview":"max-video-preview:-1"},"canonical":"https:\/\/artpictureshop.com\/en\/panier\/","og_locale":"en_GB","og_type":"article","og_title":"Panier &#187; Tableaux photo, photos d\u2019art","og_description":"D\u00e9crouvrez un s\u00e9lection unique de photos pour d\u00e9coration murale, photos d\u2019artt, photo poster, photo XXL sur supports design, aluminium, PVC. Tableaux photo pour d\u00e9co d\u2019int\u00e9rieur.","og_url":"https:\/\/artpictureshop.com\/en\/panier\/","og_site_name":"Tableaux photo, photos d\u2019art","article_publisher":"https:\/\/www.facebook.com\/artpictureshop\/","article_modified_time":"2019-10-20T21:41:36+00:00","twitter_card":"summary_large_image","twitter_site":"@ArtPictureShop1","schema":{"@context":"https:\/\/schema.org","@graph":[{"@type":"WebPage","@id":"https:\/\/artpictureshop.com\/panier\/","url":"https:\/\/artpictureshop.com\/panier\/","name":"Panier &#187; Tableaux photo, photos d\u2019art","isPartOf":{"@id":"https:\/\/artpictureshop.com\/#website"},"datePublished":"2019-08-26T12:25:30+00:00","dateModified":"2019-10-20T21:41:36+00:00","description":"Discover a unique selection of photos for wall decoration, artt photos, poster photos, XXL photos on design supports, aluminium, PVC. Photo boards for interior decoration.","breadcrumb":{"@id":"https:\/\/artpictureshop.com\/panier\/#breadcrumb"},"inLanguage":"en-GB","potentialAction":[{"@type":"ReadAction","target":["https:\/\/artpictureshop.com\/panier\/"]}]},{"@type":"BreadcrumbList","@id":"https:\/\/artpictureshop.com\/panier\/#breadcrumb","itemListElement":[{"@type":"ListItem","position":1,"name":"Accueil","item":"https:\/\/artpictureshop.com\/"},{"@type":"ListItem","position":2,"name":"Panier"}]},{"@type":"WebSite","@id":"https:\/\/artpictureshop.com\/#website","url":"https:\/\/artpictureshop.com\/","name":"Photo paintings, art photos","description":"Large formats","publisher":{"@id":"https:\/\/artpictureshop.com\/#organization"},"potentialAction":[{"@type":"SearchAction","target":{"@type":"EntryPoint","urlTemplate":"https:\/\/artpictureshop.com\/?s={search_term_string}"},"query-input":{"@type":"PropertyValueSpecification","valueRequired":true,"valueName":"search_term_string"}}],"inLanguage":"en-GB"},{"@type":"Organization","@id":"https:\/\/artpictureshop.com\/#organization","name":"Art Picture Shop","url":"https:\/\/artpictureshop.com\/","logo":{"@type":"ImageObject","inLanguage":"en-GB","@id":"https:\/\/artpictureshop.com\/#\/schema\/logo\/image\/","url":"","contentUrl":"","caption":"Art Picture Shop"},"image":{"@id":"https:\/\/artpictureshop.com\/#\/schema\/logo\/image\/"},"sameAs":["https:\/\/www.facebook.com\/artpictureshop\/","https:\/\/x.com\/ArtPictureShop1"]}]}},"featured_image_src":null,"featured_image_src_square":null,"jetpack_sharing_enabled":true,"_links":{"self":[{"href":"https:\/\/artpictureshop.com\/en\/wp-json\/wp\/v2\/pages\/335","targetHints":{"allow":["GET"]}}],"collection":[{"href":"https:\/\/artpictureshop.com\/en\/wp-json\/wp\/v2\/pages"}],"about":[{"href":"https:\/\/artpictureshop.com\/en\/wp-json\/wp\/v2\/types\/page"}],"author":[{"embeddable":true,"href":"https:\/\/artpictureshop.com\/en\/wp-json\/wp\/v2\/users\/22"}],"replies":[{"embeddable":true,"href":"https:\/\/artpictureshop.com\/en\/wp-json\/wp\/v2\/comments?post=335"}],"version-history":[{"count":0,"href":"https:\/\/artpictureshop.com\/en\/wp-json\/wp\/v2\/pages\/335\/revisions"}],"wp:attachment":[{"href":"https:\/\/artpictureshop.com\/en\/wp-json\/wp\/v2\/media?parent=335"}],"curies":[{"name":"wp","href":"https:\/\/api.w.org\/{rel}","templated":true}]}}