{"id":521,"date":"2019-08-28T14:51:41","date_gmt":"2019-08-28T12:51:41","guid":{"rendered":"https:\/\/artpictureshop.com\/?page_id=521"},"modified":"2019-09-14T14:58:54","modified_gmt":"2019-09-14T12:58:54","slug":"conditions-de-vente","status":"publish","type":"page","link":"https:\/\/artpictureshop.com\/de\/conditions-de-vente\/","title":{"rendered":"Verkaufsbedingungen und Konditionen"},"content":{"rendered":"<div class=\"wp-block-atomic-blocks-ab-container ab-block-container\"><div class=\"ab-container-inside\"><div class=\"ab-container-content\" style=\"max-width:1600px\">\n<ol class=\"wp-block-list\"><li><span style=\"text-decoration: underline;\">PARTEIEN<\/span>: Artpictureshop.com, ci-apr\u00e8s d\u00e9nomm\u00e9 \u00ab\u00a0vendeur\u00a0\u00bb, ainsi que la personne ou la soci\u00e9t\u00e9 achetant les marchandises, comme indiqu\u00e9 dans le bon de commande, sont ci-apr\u00e8s d\u00e9nomm\u00e9s \u00ab\u00a0acheteur\u00a0\u00bb. Toutes les illustrations d\u00e9crites dans le devis ou le bon de commande sont appel\u00e9es \u00ab\u00a0produits\u00a0\u00bb.<\/li><li>DROIT DE RETRACTATION: L&rsquo;acheteur peut exercer son droit de r\u00e9tractation dans les 7 jours suivants le paiement de la commande. Une fois ce d\u00e9lai \u00e9coul\u00e9 aucune r\u00e9tractation ne sera possible.<\/li><li><span style=\"text-decoration: underline;\">UMTAUSCH\/R\u00dcCKERSTATTUNG<\/span>Aufgrund der Art der verkauften Produkte, die auf Nachfrage hergestellt werden, ist jeder Verkauf endg\u00fcltig und f\u00fchrt nicht zu einem Umtausch oder einer R\u00fcckerstattung.<\/li><li><span style=\"text-decoration: underline;\">PREIS\/ZUSATZ<\/span>: L&rsquo;acheteur sera seul responsable des ventes, de l&rsquo;utilisation, de la TVA, des droits d&rsquo;accise, des frais d&rsquo;importation ou d&rsquo;autres taxes nationales, locales ou f\u00e9d\u00e9rales. Ces taxes seront ajout\u00e9es aux prix de facturation finaux dans les cas o\u00f9 le Vendeur est tenu de les collecter aupr\u00e8s de l&rsquo;Acheteur; \u00e0 condition, toutefois, que si le Vendeur ne per\u00e7oit aucune de ces taxes et que, ult\u00e9rieurement, il soit demand\u00e9 ou tenu de payer ces taxes \u00e0 une autorit\u00e9 taxatrice, l&rsquo;Acheteur effectuera ce paiement au Vendeur. \u00c0 la discr\u00e9tion du vendeur, les prix peuvent \u00eatre ajust\u00e9s pour refl\u00e9ter toute augmentation des co\u00fbts du vendeur r\u00e9sultant de la l\u00e9gislation nationale, f\u00e9d\u00e9rale ou locale ou toute modification des frais de taux ou de la classification d&rsquo;un transporteur. Sauf indication contraire du vendeur, tous les prix sont exprim\u00e9s en F.O.B. Point d&rsquo;exp\u00e9dition du vendeur. Le prix d&rsquo;achat est d\u00fb avant l&rsquo;exp\u00e9dition. Les factures impay\u00e9es et en retard seront assujetties \u00e0 des frais de service sur le solde impay\u00e9 \u00e0 un taux d&rsquo;int\u00e9r\u00eat \u00e9gal au moindre des deux montants suivants: dix-huit pour cent (18%) par an ou le taux d&rsquo;int\u00e9r\u00eat maximal autoris\u00e9 en vertu de la loi applicable, et l&rsquo;acheteur restera responsable toutes les d\u00e9penses engag\u00e9es par le vendeur lors de la collecte, y compris les honoraires raisonnables d&rsquo;avocats.<\/li><li><span style=\"text-decoration: underline;\">LIEFERUNG DER SENDUNG; VERLUSTRISIKO<\/span>: La propri\u00e9t\u00e9 et le risque de perte des produits sont transf\u00e9r\u00e9s \u00e0 l&rsquo;acheteur d\u00e8s que les produits sont livr\u00e9s par le vendeur au transporteur. Chaque date d&rsquo;exp\u00e9dition est approximative et le vendeur ne peut \u00eatre tenu responsable d&rsquo;aucun dommage de quelque nature que ce soit r\u00e9sultant d&rsquo;un retard dans l&rsquo;exp\u00e9dition ou la livraison de tout produit. L\u2019Acheteur est responsable de tous les frais d\u2019exp\u00e9dition, de livraison, de manutention, d\u2019entreposage et d\u2019assurance, ces frais devant \u00eatre ajout\u00e9s \u00e0 la facture finale ou rembours\u00e9s par le Vendeur au Vendeur apr\u00e8s le paiement de ces frais par le Vendeur. L&rsquo;acheteur sera responsable des frais de douane ou des frais de livraison suppl\u00e9mentaires r\u00e9sultant du contr\u00f4le douanier.<\/li><li><span style=\"text-decoration: underline;\">GARANTIE<\/span>: Le vendeur garantit que le produit est une \u0153uvre d\u2019art originale de l\u2019artiste nomm\u00e9 ou une impression gicl\u00e9e sign\u00e9e et \/ ou embellie par l\u2019artiste et est vendue \u00aben l\u2019\u00e9tat\u00bb et dans le respect du respect de la qualit\u00e9 et des conditions d\u00e9crites sur le site Web du vendeur. LE VENDEUR NE FOURNIT AUCUNE AUTRE GARANTIE, EXPRESSE OU TACITE, DE QUALIT\u00c9 MARCHANDE OU D&rsquo;AD\u00c9QUATION \u00c0 UN USAGE PARTICULIER OU AUTRE OU AUTRE, SUR LES PRODUITS OU SUR TOUTE PARTIE OU MAIN D&rsquo;\u0152UVRE MEUBL\u00c9E LORS DE LA VENTE, DE LA LIVRAISON, DE L&rsquo;INSTALLATION OU DE L&rsquo;ENTRETIEN DES PRODUITS. Images identiques publi\u00e9es sur diff\u00e9rents supports, par ex. une peinture originale, une impression gicl\u00e9e (affiche), une image sur un site Web, etc., peuvent avoir des param\u00e8tres tr\u00e8s diff\u00e9rents, y compris, mais sans s&rsquo;y limiter, la couleur, la luminosit\u00e9, la luminosit\u00e9, la teinte, et peuvent donc sembler tr\u00e8s diff\u00e9rents. Cela est d\u00fb aux diff\u00e9rences entre les types de support. Par cons\u00e9quent, Artpictureshop.com n\u2019est pas responsable des variations dans les images.<\/li><li><span style=\"text-decoration: underline;\">ANSPR\u00dcCHE; BEGINN VON KLAGEN<\/span>: L&rsquo;acheteur doit inspecter rapidement tous les produits lors de la livraison pour identifier tout dommage r\u00e9sultant de l&rsquo;exp\u00e9dition. L&rsquo;acheteur accepte que tous les dommages et les r\u00e9clamations r\u00e9sultant de l&rsquo;exp\u00e9dition ne soient r\u00e9solus que par le biais de la police d&rsquo;assurance (l &lsquo;\u00abassurance\u00bb) \u00e9mise par le transporteur qui couvre l&rsquo;envoi du produit, et le vendeur ne sera pas responsable des r\u00e9clamations ou des dommages non couverts. par assurance. Toute r\u00e9clamation relative \u00e0 des dommages r\u00e9sultant de l&rsquo;exp\u00e9dition doit \u00eatre formul\u00e9e par \u00e9crit dans les dix (10) jours suivant la livraison du produit ou ces r\u00e9clamations font l&rsquo;objet d&rsquo;une renonciation \u00e0 perp\u00e9tuit\u00e9. Toute action en justice ou autre action de l&rsquo;acheteur fond\u00e9e sur la violation du pr\u00e9sent contrat ou sur toute autre r\u00e9clamation d\u00e9coulant de cette vente doit \u00eatre engag\u00e9e dans les quatorze (14) jours \u00e0 compter de la date de livraison par le vendeur.<\/li><li><span style=\"text-decoration: underline;\">HAFTUNGSBESCHR\u00c4NKUNG<\/span>: En aucun cas, le vendeur ne peut \u00eatre tenu pour responsable vis-\u00e0-vis de l&rsquo;acheteur des dommages sp\u00e9ciaux, indirects, accessoires ou cons\u00e9cutifs, r\u00e9sultant ou r\u00e9sultant de la vente, livraison, non-livraison, installation, maintenance, utilisation ou perte d&rsquo;utilisation des produits partie de celui-ci, ou pour tous frais ou d\u00e9penses de toute nature encourus sans le consentement \u00e9crit du vendeur, m\u00eame si le vendeur a fait preuve de n\u00e9gligence. En aucun cas, la responsabilit\u00e9 du vendeur d\u00e9coulant d\u2019une r\u00e9clamation formul\u00e9e par l\u2019acheteur ne d\u00e9passera le prix d\u2019achat des produits pour lesquels des dommages sont r\u00e9clam\u00e9s.<\/li><\/ol>\n<\/div><\/div><\/div>","protected":false},"excerpt":{"rendered":"","protected":false},"author":22,"featured_media":0,"parent":0,"menu_order":0,"comment_status":"closed","ping_status":"closed","template":"","meta":{"_genesis_hide_title":false,"_genesis_hide_breadcrumbs":false,"_genesis_hide_singular_image":false,"_genesis_hide_footer_widgets":false,"_genesis_custom_body_class":"","_genesis_custom_post_class":"","_genesis_layout":"","footnotes":""},"class_list":{"0":"post-521","1":"page","2":"type-page","3":"status-publish","5":"entry"},"yoast_head":"<!-- This site is optimized with the Yoast SEO plugin v26.8 - https:\/\/yoast.com\/product\/yoast-seo-wordpress\/ -->\n<title>Conditions de vente &#187; Tableaux photo, photos d\u2019art<\/title>\n<meta name=\"description\" content=\"D\u00e9crouvrez un s\u00e9lection unique de photos pour d\u00e9coration murale, photos d\u2019artt, photo poster, photo XXL sur supports design, aluminium, PVC. Tableaux photo pour d\u00e9co d\u2019int\u00e9rieur.\" \/>\n<meta name=\"robots\" content=\"index, follow, max-snippet:-1, max-image-preview:large, max-video-preview:-1\" \/>\n<link rel=\"canonical\" href=\"https:\/\/artpictureshop.com\/de\/conditions-de-vente\/\" \/>\n<meta property=\"og:locale\" content=\"de_DE\" \/>\n<meta property=\"og:type\" content=\"article\" \/>\n<meta property=\"og:title\" content=\"Conditions de vente &#187; Tableaux photo, photos d\u2019art\" \/>\n<meta property=\"og:description\" content=\"D\u00e9crouvrez un s\u00e9lection unique de photos pour d\u00e9coration murale, photos d\u2019artt, photo poster, photo XXL sur supports design, aluminium, PVC. Tableaux photo pour d\u00e9co d\u2019int\u00e9rieur.\" \/>\n<meta property=\"og:url\" content=\"https:\/\/artpictureshop.com\/de\/conditions-de-vente\/\" \/>\n<meta property=\"og:site_name\" content=\"Tableaux photo, photos d\u2019art\" \/>\n<meta property=\"article:publisher\" content=\"https:\/\/www.facebook.com\/artpictureshop\/\" \/>\n<meta property=\"article:modified_time\" content=\"2019-09-14T12:58:54+00:00\" \/>\n<meta name=\"twitter:card\" content=\"summary_large_image\" \/>\n<meta name=\"twitter:site\" content=\"@ArtPictureShop1\" \/>\n<meta name=\"twitter:label1\" content=\"Gesch\u00e4tzte Lesezeit\" \/>\n\t<meta name=\"twitter:data1\" content=\"5\u00a0Minuten\" \/>\n<script type=\"application\/ld+json\" class=\"yoast-schema-graph\">{\"@context\":\"https:\/\/schema.org\",\"@graph\":[{\"@type\":\"WebPage\",\"@id\":\"https:\/\/artpictureshop.com\/conditions-de-vente\/\",\"url\":\"https:\/\/artpictureshop.com\/conditions-de-vente\/\",\"name\":\"Conditions de vente &#187; Tableaux photo, photos d\u2019art\",\"isPartOf\":{\"@id\":\"https:\/\/artpictureshop.com\/#website\"},\"datePublished\":\"2019-08-28T12:51:41+00:00\",\"dateModified\":\"2019-09-14T12:58:54+00:00\",\"description\":\"D\u00e9crouvrez un s\u00e9lection unique de photos pour d\u00e9coration murale, photos d\u2019artt, photo poster, photo XXL sur supports design, aluminium, PVC. Tableaux photo pour d\u00e9co d\u2019int\u00e9rieur.\",\"breadcrumb\":{\"@id\":\"https:\/\/artpictureshop.com\/conditions-de-vente\/#breadcrumb\"},\"inLanguage\":\"de\",\"potentialAction\":[{\"@type\":\"ReadAction\",\"target\":[\"https:\/\/artpictureshop.com\/conditions-de-vente\/\"]}]},{\"@type\":\"BreadcrumbList\",\"@id\":\"https:\/\/artpictureshop.com\/conditions-de-vente\/#breadcrumb\",\"itemListElement\":[{\"@type\":\"ListItem\",\"position\":1,\"name\":\"Accueil\",\"item\":\"https:\/\/artpictureshop.com\/\"},{\"@type\":\"ListItem\",\"position\":2,\"name\":\"Conditions de vente\"}]},{\"@type\":\"WebSite\",\"@id\":\"https:\/\/artpictureshop.com\/#website\",\"url\":\"https:\/\/artpictureshop.com\/\",\"name\":\"Tableaux photo, photos d\u2019art\",\"description\":\"Grands formats\",\"publisher\":{\"@id\":\"https:\/\/artpictureshop.com\/#organization\"},\"potentialAction\":[{\"@type\":\"SearchAction\",\"target\":{\"@type\":\"EntryPoint\",\"urlTemplate\":\"https:\/\/artpictureshop.com\/?s={search_term_string}\"},\"query-input\":{\"@type\":\"PropertyValueSpecification\",\"valueRequired\":true,\"valueName\":\"search_term_string\"}}],\"inLanguage\":\"de\"},{\"@type\":\"Organization\",\"@id\":\"https:\/\/artpictureshop.com\/#organization\",\"name\":\"Art Picture Shop\",\"url\":\"https:\/\/artpictureshop.com\/\",\"logo\":{\"@type\":\"ImageObject\",\"inLanguage\":\"de\",\"@id\":\"https:\/\/artpictureshop.com\/#\/schema\/logo\/image\/\",\"url\":\"\",\"contentUrl\":\"\",\"caption\":\"Art Picture Shop\"},\"image\":{\"@id\":\"https:\/\/artpictureshop.com\/#\/schema\/logo\/image\/\"},\"sameAs\":[\"https:\/\/www.facebook.com\/artpictureshop\/\",\"https:\/\/x.com\/ArtPictureShop1\"]}]}<\/script>\n<!-- \/ Yoast SEO plugin. -->","yoast_head_json":{"title":"Conditions de vente &#187; Tableaux photo, photos d\u2019art","description":"Entdecken Sie eine einzigartige Auswahl an Fotos f\u00fcr die Wanddekoration, Kunstfotos, Posterfotos, XXL-Fotos auf Designtr\u00e4gern, Aluminium, PVC. Fototafeln f\u00fcr die Inneneinrichtung.","robots":{"index":"index","follow":"follow","max-snippet":"max-snippet:-1","max-image-preview":"max-image-preview:large","max-video-preview":"max-video-preview:-1"},"canonical":"https:\/\/artpictureshop.com\/de\/conditions-de-vente\/","og_locale":"de_DE","og_type":"article","og_title":"Conditions de vente &#187; Tableaux photo, photos d\u2019art","og_description":"D\u00e9crouvrez un s\u00e9lection unique de photos pour d\u00e9coration murale, photos d\u2019artt, photo poster, photo XXL sur supports design, aluminium, PVC. Tableaux photo pour d\u00e9co d\u2019int\u00e9rieur.","og_url":"https:\/\/artpictureshop.com\/de\/conditions-de-vente\/","og_site_name":"Tableaux photo, photos d\u2019art","article_publisher":"https:\/\/www.facebook.com\/artpictureshop\/","article_modified_time":"2019-09-14T12:58:54+00:00","twitter_card":"summary_large_image","twitter_site":"@ArtPictureShop1","twitter_misc":{"Gesch\u00e4tzte Lesezeit":"5\u00a0Minuten"},"schema":{"@context":"https:\/\/schema.org","@graph":[{"@type":"WebPage","@id":"https:\/\/artpictureshop.com\/conditions-de-vente\/","url":"https:\/\/artpictureshop.com\/conditions-de-vente\/","name":"Conditions de vente &#187; Tableaux photo, photos d\u2019art","isPartOf":{"@id":"https:\/\/artpictureshop.com\/#website"},"datePublished":"2019-08-28T12:51:41+00:00","dateModified":"2019-09-14T12:58:54+00:00","description":"Entdecken Sie eine einzigartige Auswahl an Fotos f\u00fcr die Wanddekoration, Kunstfotos, Posterfotos, XXL-Fotos auf Designtr\u00e4gern, Aluminium, PVC. Fototafeln f\u00fcr die Inneneinrichtung.","breadcrumb":{"@id":"https:\/\/artpictureshop.com\/conditions-de-vente\/#breadcrumb"},"inLanguage":"de","potentialAction":[{"@type":"ReadAction","target":["https:\/\/artpictureshop.com\/conditions-de-vente\/"]}]},{"@type":"BreadcrumbList","@id":"https:\/\/artpictureshop.com\/conditions-de-vente\/#breadcrumb","itemListElement":[{"@type":"ListItem","position":1,"name":"Accueil","item":"https:\/\/artpictureshop.com\/"},{"@type":"ListItem","position":2,"name":"Conditions de vente"}]},{"@type":"WebSite","@id":"https:\/\/artpictureshop.com\/#website","url":"https:\/\/artpictureshop.com\/","name":"Fotogem\u00e4lde, Kunstfotos","description":"Gro\u00dfe Formate","publisher":{"@id":"https:\/\/artpictureshop.com\/#organization"},"potentialAction":[{"@type":"SearchAction","target":{"@type":"EntryPoint","urlTemplate":"https:\/\/artpictureshop.com\/?s={search_term_string}"},"query-input":{"@type":"PropertyValueSpecification","valueRequired":true,"valueName":"search_term_string"}}],"inLanguage":"de"},{"@type":"Organization","@id":"https:\/\/artpictureshop.com\/#organization","name":"Kunst Bilder Shop","url":"https:\/\/artpictureshop.com\/","logo":{"@type":"ImageObject","inLanguage":"de","@id":"https:\/\/artpictureshop.com\/#\/schema\/logo\/image\/","url":"","contentUrl":"","caption":"Art Picture Shop"},"image":{"@id":"https:\/\/artpictureshop.com\/#\/schema\/logo\/image\/"},"sameAs":["https:\/\/www.facebook.com\/artpictureshop\/","https:\/\/x.com\/ArtPictureShop1"]}]}},"featured_image_src":null,"featured_image_src_square":null,"jetpack_sharing_enabled":true,"_links":{"self":[{"href":"https:\/\/artpictureshop.com\/de\/wp-json\/wp\/v2\/pages\/521","targetHints":{"allow":["GET"]}}],"collection":[{"href":"https:\/\/artpictureshop.com\/de\/wp-json\/wp\/v2\/pages"}],"about":[{"href":"https:\/\/artpictureshop.com\/de\/wp-json\/wp\/v2\/types\/page"}],"author":[{"embeddable":true,"href":"https:\/\/artpictureshop.com\/de\/wp-json\/wp\/v2\/users\/22"}],"replies":[{"embeddable":true,"href":"https:\/\/artpictureshop.com\/de\/wp-json\/wp\/v2\/comments?post=521"}],"version-history":[{"count":0,"href":"https:\/\/artpictureshop.com\/de\/wp-json\/wp\/v2\/pages\/521\/revisions"}],"wp:attachment":[{"href":"https:\/\/artpictureshop.com\/de\/wp-json\/wp\/v2\/media?parent=521"}],"curies":[{"name":"wp","href":"https:\/\/api.w.org\/{rel}","templated":true}]}}