{"id":1329,"date":"2019-09-12T13:10:00","date_gmt":"2019-09-12T11:10:00","guid":{"rendered":"https:\/\/artpictureshop.com\/profile\/login\/"},"modified":"2019-09-12T13:10:00","modified_gmt":"2019-09-12T11:10:00","slug":"login","status":"publish","type":"page","link":"https:\/\/artpictureshop.com\/de\/profile\/login\/","title":{"rendered":"Anmeldung"},"content":{"rendered":"<a href=\"#\" class=\"userpro-close-popup\">Schlie\u00dfen<\/a>\r\n<div class=\"userpro userpro-482 userpro-float\"  data-modal_profile_saved='Dein Profil wurde gespeichert!' data-template='login' data-max_width='480px' data-uploads_dir='https:\/\/artpictureshop.com\/wp-content\/uploads\/userpro\/' data-default_avatar_male='https:\/\/artpictureshop.com\/wp-content\/plugins\/userpro\/img\/default_avatar_male.jpg' data-default_avatar_female='https:\/\/artpictureshop.com\/wp-content\/plugins\/userpro\/img\/default_avatar_female.jpg' data-layout='float' data-margin_top='0' data-margin_bottom='30px' data-align='center' data-skin='pure' data-required_text='Dieses Feld muss ausgef&uuml;llt werden' data-datepicker_format='Bad format' data-password_too_short='Das gew&auml;hlte Passwort ist zu kurz' data-passwords_do_not_match='Die Passw&ouml;rter stimmen nicht &uuml;berein' data-password_not_strong='Das Passwort ist zu schwach' data-keep_one_section_open='0' data-allow_sections='1' data-permalink='https:\/\/artpictureshop.com\/de\/profile\/login\/' data-field_icons='1' data-profile_thumb_size='80' data-register_heading='Registriere ein Benutzerkonto' data-register_side='Bereits Mitglied?' data-register_side_action='login' data-register_button_action='login' data-register_button_primary='Registrieren' data-register_button_secondary='Anmelden' data-register_group='default' data-register_redirect='0' data-type='0' data-force_redirect_uri='0' data-login_heading='Anmelden' data-login_side='Passwort vergessen?' data-login_side_action='reset' data-login_resend='Resend verification email?' data-login_resend_action='resend' data-login_button_action='register' data-login_button_primary='Anmelden' data-login_button_secondary='Benutzerkonto erstellen' data-login_group='default' data-login_redirect='0' data-rememberme='true' data-delete_heading='Profil l&ouml;schen' data-delete_side='R&uuml;ckg&auml;ngig, zur&uuml;ck zum Profil' data-delete_side_action='view' data-delete_button_action='view' data-delete_button_primary='Best&auml;tige die L&ouml;schung' data-delete_button_secondary='Zur&uuml;ck zum Profil' data-delete_group='default' data-reset_heading='Passwort zur&uuml;cksetzen' data-reset_side='Zur&uuml;ck zur Anmeldung' data-reset_side_action='login' data-reset_button_action='change' data-reset_button_primary='Fordere einen Sicherheits-Schl&uuml;ssel an' data-reset_button_secondary='&Auml;ndere Dein Passwort' data-reset_group='default' data-resend_heading='Resend email' data-resend_side='Zur&uuml;ck zur Anmeldung' data-resend_side_action='login' data-resend_button_action='resend' data-resend_button_primary='Resend verification email' data-change_heading='&Auml;ndere Dein Passwort' data-change_side='Fordere einen neuen Schl&uuml;ssel an' data-change_side_action='reset' data-change_button_action='reset' data-change_button_primary='&Auml;ndere mein Passwort' data-change_button_secondary='Du besitzt keinen Sicherheitsschl&uuml;ssel?' data-change_group='default' data-list_heading='Neuste Mitglieder' data-list_per_page='5' data-list_sortby='registered' data-list_order='desc' data-list_users='0' data-list_group='default' data-list_thumb='50' data-list_showthumb='1' data-list_showsocial='1' data-list_showbio='0' data-list_verified='0' data-list_relation='or' data-list_popup_view='0' data-online_heading='Wer ist derzeit online' data-online_thumb='30' data-online_showthumb='1' data-online_showsocial='0' data-online_showbio='0' data-online_mini='1' data-online_mode='vertical' data-edit_button_primary='&Auml;nderungen speichern' data-edit_group='default' data-view_group='default' data-social_target='_blank' data-social_group='default' data-card_width='250px' data-card_img_width='250' data-card_showbio='1' data-card_showsocial='1' data-usercanedit='1' data-link_target='_blank' data-error_heading='Ein Fehler ist aufgetreten' data-memberlist_table='0' data-memberlist_table_columns='user_id,picture,name,country,gender,role,email_user,message_user' data-show_on_mobile='picture,name,country,email_user,message_user' data-memberlist_v2='1' data-memberlist_v2_pic_size='86' data-memberlist_v2_fields='age,gender,country' data-memberlist_v2_bio='1' data-memberlist_v2_showbadges='1' data-memberlist_v2_showname='1' data-memberlist_v2_showsocial='1' data-memberlist_pic_size='120' data-memberlist_pic_topspace='15' data-memberlist_pic_sidespace='30' data-memberlist_pic_rounded='1' data-memberlist_width='100%' data-memberlist_paginate='1' data-memberlist_paginate_top='1' data-memberlist_paginate_bottom='1' data-memberlist_show_name='1' data-memberlist_popup_view='0' data-memberlist_withavatar='0' data-memberlist_verified='0' data-memberlist_filters='0' data-memberlist_default_search='1' data-memberlist_show_follow='0' data-per_page='12' data-sortby='registered' data-order='desc' data-relation='and' data-search='1' data-exclude='0' data-show_social='1' data-registration_closed_side='Bereits Mitglied? Zur Anmeldung' data-registration_closed_side_action='login' data-facebook_redirect='profile' data-logout_redirect='0' data-post_paginate='1' data-postsbyuser_num='12' data-postsbyuser_types='post' data-postsbyuser_mode='grid' data-postsbyuser_thumb='50' data-postsbyuser_showthumb='1' data-postsbyuser_taxonomy='category' data-postsbyuser_category='0' data-following_per_page='4' data-following_paginate='1' data-followers_per_page='4' data-followers_paginate='1' data-publish_heading='F&uuml;ge einen neuen Beitrag hinzu' data-publish_button_primary='Ver&ouml;ffentlichen' data-publish_button_draft='Save as Draft' data-emd_filters='1' data-emd_thumb='200' data-emd_social='1' data-emd_bio='1' data-emd_fields='first_name,last_name,gender,country' data-emd_layout='fitColumns' data-emd_per_page='40' data-emd_col_width='60%' data-emd_col_margin='2%' data-emd_accountstatus='Search by account status' data-emd_photopreference='Photo Preference' data-emd_country='Search by country,dropdown' data-emd_gender='Gender,radio' data-emd_paginate='1' data-emd_paginate_top='1' data-collage_per_page='20' data-following_heading='Folge ich' data-followers_heading='Fans' data-activity_heading='Letzte Aktivit&auml;t' data-activity_all='0' data-activity_per_page='10' data-activity_side='refresh' data-activity_user='0'>\r\n\r\n\r\n\t\r\n\t<div class=\"userpro-head\">\r\n\t\t<div class=\"userpro-left\">Anmelden<\/div>\r\n\t\t\r\n\t\t\t\t<div class=\"userpro-right\"><a href=\"#\" data-template=\"reset\">Passwort vergessen?<\/a>\r\n\t<\/div>\r\n\r\n\t\t\t\t<div class=\"userpro-clear\"><\/div>\r\n\t<\/div>\r\n\t\r\n\t<div class=\"userpro-body\">\r\n\t\r\n\t\t\t\t<form action=\"\" method=\"post\" data-action=\"login\" data-trp-original-action=\"\">\r\n            <input type=\"hidden\" name=\"user_pro_nonce\" value=\"b13d921072\">\r\n\t\t\t\t\t\t\r\n\t\t\t<input type=\"hidden\" name=\"force_redirect_uri-482\" id=\"force_redirect_uri-482\" value=\"0\" \/>\r\n\t\t\t<input type=\"hidden\" name=\"redirect_uri-482\" id=\"redirect_uri-482\" value=\"\" \/>\r\n\t\t\t\r\n\t\t\t\t\t\r\n\t\t\t\t\t\t\t\r\n\t\t\t\t<div class='userpro-field  userpro-field-username_or_email' data-key='username_or_email'><div class='userpro-label iconed'><label for='username_or_email-482'>Username or E-mail<\/label><div class='required'>*<\/div><span class=\"userpro-field-icon\"><i class=\"userpro-icon-user\"><\/i><\/span><\/div><div class='userpro-input'><input type='text' name='username_or_email-482' id='username_or_email-482' value=\"\" placeholder=''  data-ajaxcheck='' data-help='' data-label='Username or E-mail' data-placeholder='' data-add_condition='show' data-condition_fields='username_or_email' data-condition_rule='select' data-condition_value='' data-_builtin='1' data-hidden='0' data-hideable='0' data-html='0' data-locked='0' data-private='0' data-required='1' data-type='text' data-woo='0' \/><div class='userpro-clear'><\/div><\/div><\/div><div class='userpro-clear'><\/div>\t\t\t\t\r\n\t\t\t\t\t\t\t\r\n\t\t\t\t<div class='userpro-field  userpro-field-user_pass' data-key='user_pass'><div class='userpro-label iconed'><label for='user_pass-482'>Password<\/label><div class='required'>*<\/div><span class=\"userpro-field-icon\"><i class=\"userpro-icon-lock\"><\/i><\/span><\/div><div class='userpro-input'><input type='password' name='user_pass-482' id='user_pass-482' value='' placeholder='' autocomplete='off'  data-ajaxcheck='' data-help='Your password must be 8 characters long at least.' data-label='Password' data-placeholder='' data-add_condition='show' data-condition_fields='username_or_email' data-condition_rule='select' data-condition_value='' data-_builtin='1' data-hidden='0' data-hideable='0' data-html='0' data-locked='0' data-private='0' data-required='1' data-type='password' data-woo='0' \/><div class='userpro-clear'><\/div><\/div><\/div><div class='userpro-clear'><\/div>\t\t\t\t\r\n\t\t\t\t\t\t\r\n\t\t\t\t\t\t\t\t\t\r\n\t\t\t\t\t\t\r\n\t\t\t<div class=\"userpro-column\">\r\n\t\t\t\t<div class=\"userpro-field userpro-field-compact\">\r\n\t\t\t\t\t<div class=\"userpro-input\">\r\n\t\t\t\t\t\r\n\t\t\t\t\t\t<div class='userpro-checkbox-wrap'>\r\n\t\t\t\t\t\t\t<label class='userpro-checkbox hide-field'>\r\n\t\t\t\t\t\t\t\t<span><\/span>\r\n\t\t\t\t\t\t\t\t<input type='checkbox' name='rememberme-482' id='rememberme-482' value=\"true\" \/>Anmeldung merken\t\t\t\t\t\t\t<\/label>\r\n\t\t\t\t\t\t<\/div>\r\n\t\t\t\t\t\t\r\n\t\t\t\t\t<\/div>\r\n\t\t\t\t<\/div>\r\n\t\t\t<\/div><div class=\"userpro-clear\"><\/div>\r\n\t\t\t\r\n\t\t\t\t\t\t\r\n\t\t\t\t\t\t<div class=\"userpro-field userpro-submit userpro-column\">\r\n\t\t\t\t\r\n\t\t\t\t<div class=\"userpro-social-connect\"><\/div><div class=\"userpro-clear\"><\/div>\t\t\t\t\r\n\t\t\t\t\t\t\t\t<input type=\"submit\" value=\"Anmelden\" class=\"userpro-button\" \/>\r\n\t\t\t\t\r\n                \t\t\t\t<input type=\"button\" value=\"Benutzerkonto erstellen\" class=\"userpro-button secondary\" data-template=\"register\" \/>\r\n\t\t\t\t\r\n\t\t\t\t<img data-recalc-dims=\"1\" decoding=\"async\" src=\"https:\/\/i0.wp.com\/artpictureshop.com\/wp-content\/plugins\/userpro\/skins\/pure\/img\/loading.gif?ssl=1\" alt=\"\" class=\"userpro-loading\" \/>\r\n\t\t\t\t<div class=\"userpro-clear\"><\/div>\r\n\t\t\t\t\r\n\t\t\t<\/div>\r\n\t\t\t\t\t\r\n\t\t<input type=\"hidden\" name=\"trp-form-language\" value=\"de\"\/><\/form>\r\n\t\r\n\t<\/div>\r\n\r\n<\/div>\r\n\r\n\r\n<style type=\"text\/css\">\r\n\r\ndiv.userpro-awsm-pic {\r\n\tmargin-left: -48px;\r\n\ttop: -48px;\r\n}\r\n\r\ndiv.userpro-awsm-pic img {\r\n\twidth: 86px;\r\n\theight: 86px;\r\n}\r\n\r\ndiv.userpro,\r\ndiv.emd-main,\r\ndiv.emd-filters,\r\ndiv.userpro-search-results,\r\ndiv.userpro-label label,\r\ndiv.userpro input,\r\ndiv.userpro textarea,\r\ndiv.userpro select,\r\ndiv.userpro-field textarea.userpro_editor,\r\ndiv.userpro-msg-overlay-content,\r\ndiv.userpro-msg-overlay-content input,\r\ndiv.userpro-msg-overlay-content textarea,\r\ndiv.userpro-notifier\r\n{\r\n\tfont-family: Roboto;\r\n}\r\n\r\n\r\ndiv.userpro-482 {\r\n\tmax-width: 480px;\r\n\t\t\t\tmargin-left: auto;margin-right: auto;\r\n\t\t\t\tmargin-bottom: 30px;\r\n\t}\r\n\r\n\r\n\r\ndiv.userpro-482.userpro-nostyle {\r\n\tmax-width: 250px;\r\n}\r\n\r\ndiv.userpro-482.userpro-users {\r\n\tmax-width: 100% !important;\r\n}\r\n\r\ndiv.userpro-482 div.userpro-user {\r\n\tmargin-top: 15px;\r\n\tmargin-left: 30px;\r\n\tmargin-right: 30px;\r\n}\r\n\r\ndiv.userpro-482 div.userpro-user a.userpro-user-img {\r\n\twidth: 120px;\r\n\theight: 120px;\r\n}\r\ndiv.userpro-482 div.userpro-user a.userpro-user-img span {\r\n\ttop: -120px;\r\n\tline-height: 120px;\r\n}\r\n\r\ndiv.userpro-482 div.userpro-user div.userpro-user-link {\r\n\twidth: 120px;\r\n}\r\n\r\ndiv.userpro-482 div.userpro-user a.userpro-user-img,\r\ndiv.userpro-482 div.userpro-user a.userpro-user-img span {\r\n\tborder-radius: 999px !important;\r\n}\r\n\r\ndiv.userpro-482 div.userpro-list-item-i {\r\n\twidth: 50px;\r\n\theight: 50px;\r\n}\r\n\r\n\r\ndiv.userpro-482 div.userpro-online-item-i {\r\n\twidth: 30px;\r\n\theight: 30px;\r\n}\r\n\r\ndiv.userpro-482 div.userpro-online-item {\r\n\tborder-bottom: 0px !important;\r\n\tpadding: 10px 0 0 0;\r\n}\r\n\r\ndiv.userpro-482 div.userpro-online-item img.userpro-profile-badge,\r\ndiv.userpro-482 div.userpro-online-item img.userpro-profile-badge-right {\r\n\tmax-width: 14px !important;\r\n\tmax-height: 14px !important;\r\n}\r\n\r\ndiv.userpro-482 div.userpro-profile-img {\r\n\twidth: 80px;\r\n}\r\n\r\ndiv.emd-user {\r\n    width: 60%;\r\n    margin-left: 2% !important;\r\n}\r\ndiv.emd-user-img img{\r\n    width: 200px!important;\r\n}\r\n\r\n\r\n\r\ndiv.userpro-profile-img img,\r\ndiv.userpro-pic-profilepicture img,\r\ndiv.userpro-list-item-i,\r\ndiv.userpro-list-item-i img,\r\ndiv.userpro-online-item-i,\r\ndiv.userpro-online-item-i img,\r\ndiv.userpro-post.userpro-post-compact div.userpro-post-img img,\r\na.userpro-online-i-thumb img,\r\ndiv.userpro-awsm-pic img,\r\ndiv.userpro-awsm-pic,\r\ndiv.userpro-sc-img img\r\n{\r\n\tborder-radius: 0px !important;\r\n}\r\n\r\n<\/style>","protected":false},"excerpt":{"rendered":"","protected":false},"author":22,"featured_media":0,"parent":1326,"menu_order":0,"comment_status":"closed","ping_status":"closed","template":"","meta":{"_genesis_hide_title":false,"_genesis_hide_breadcrumbs":false,"_genesis_hide_singular_image":false,"_genesis_hide_footer_widgets":false,"_genesis_custom_body_class":"","_genesis_custom_post_class":"","_genesis_layout":"","footnotes":""},"class_list":{"0":"post-1329","1":"page","2":"type-page","3":"status-publish","5":"entry"},"yoast_head":"<!-- This site is optimized with the Yoast SEO plugin v26.8 - https:\/\/yoast.com\/product\/yoast-seo-wordpress\/ -->\n<title>Login &#187; Tableaux photo, photos d\u2019art<\/title>\n<meta name=\"description\" content=\"D\u00e9crouvrez un s\u00e9lection unique de photos pour d\u00e9coration murale, photos d\u2019artt, photo poster, photo XXL sur supports design, aluminium, PVC. Tableaux photo pour d\u00e9co d\u2019int\u00e9rieur.\" \/>\n<meta name=\"robots\" content=\"index, follow, max-snippet:-1, max-image-preview:large, max-video-preview:-1\" \/>\n<link rel=\"canonical\" href=\"https:\/\/artpictureshop.com\/de\/profile\/login\/\" \/>\n<meta property=\"og:locale\" content=\"de_DE\" \/>\n<meta property=\"og:type\" content=\"article\" \/>\n<meta property=\"og:title\" content=\"Login &#187; Tableaux photo, photos d\u2019art\" \/>\n<meta property=\"og:description\" content=\"D\u00e9crouvrez un s\u00e9lection unique de photos pour d\u00e9coration murale, photos d\u2019artt, photo poster, photo XXL sur supports design, aluminium, PVC. Tableaux photo pour d\u00e9co d\u2019int\u00e9rieur.\" \/>\n<meta property=\"og:url\" content=\"https:\/\/artpictureshop.com\/de\/profile\/login\/\" \/>\n<meta property=\"og:site_name\" content=\"Tableaux photo, photos d\u2019art\" \/>\n<meta property=\"article:publisher\" content=\"https:\/\/www.facebook.com\/artpictureshop\/\" \/>\n<meta name=\"twitter:card\" content=\"summary_large_image\" \/>\n<meta name=\"twitter:site\" content=\"@ArtPictureShop1\" \/>\n<script type=\"application\/ld+json\" class=\"yoast-schema-graph\">{\"@context\":\"https:\/\/schema.org\",\"@graph\":[{\"@type\":\"WebPage\",\"@id\":\"https:\/\/artpictureshop.com\/profile\/login\/\",\"url\":\"https:\/\/artpictureshop.com\/profile\/login\/\",\"name\":\"Login &#187; Tableaux photo, photos d\u2019art\",\"isPartOf\":{\"@id\":\"https:\/\/artpictureshop.com\/#website\"},\"datePublished\":\"2019-09-12T11:10:00+00:00\",\"description\":\"D\u00e9crouvrez un s\u00e9lection unique de photos pour d\u00e9coration murale, photos d\u2019artt, photo poster, photo XXL sur supports design, aluminium, PVC. Tableaux photo pour d\u00e9co d\u2019int\u00e9rieur.\",\"breadcrumb\":{\"@id\":\"https:\/\/artpictureshop.com\/profile\/login\/#breadcrumb\"},\"inLanguage\":\"de\",\"potentialAction\":[{\"@type\":\"ReadAction\",\"target\":[\"https:\/\/artpictureshop.com\/profile\/login\/\"]}]},{\"@type\":\"BreadcrumbList\",\"@id\":\"https:\/\/artpictureshop.com\/profile\/login\/#breadcrumb\",\"itemListElement\":[{\"@type\":\"ListItem\",\"position\":1,\"name\":\"Accueil\",\"item\":\"https:\/\/artpictureshop.com\/\"},{\"@type\":\"ListItem\",\"position\":2,\"name\":\"D\u00e9tails du compte\",\"item\":\"https:\/\/artpictureshop.com\/profile\/\"},{\"@type\":\"ListItem\",\"position\":3,\"name\":\"Login\"}]},{\"@type\":\"WebSite\",\"@id\":\"https:\/\/artpictureshop.com\/#website\",\"url\":\"https:\/\/artpictureshop.com\/\",\"name\":\"Tableaux photo, photos d\u2019art\",\"description\":\"Grands formats\",\"publisher\":{\"@id\":\"https:\/\/artpictureshop.com\/#organization\"},\"potentialAction\":[{\"@type\":\"SearchAction\",\"target\":{\"@type\":\"EntryPoint\",\"urlTemplate\":\"https:\/\/artpictureshop.com\/?s={search_term_string}\"},\"query-input\":{\"@type\":\"PropertyValueSpecification\",\"valueRequired\":true,\"valueName\":\"search_term_string\"}}],\"inLanguage\":\"de\"},{\"@type\":\"Organization\",\"@id\":\"https:\/\/artpictureshop.com\/#organization\",\"name\":\"Art Picture Shop\",\"url\":\"https:\/\/artpictureshop.com\/\",\"logo\":{\"@type\":\"ImageObject\",\"inLanguage\":\"de\",\"@id\":\"https:\/\/artpictureshop.com\/#\/schema\/logo\/image\/\",\"url\":\"\",\"contentUrl\":\"\",\"caption\":\"Art Picture Shop\"},\"image\":{\"@id\":\"https:\/\/artpictureshop.com\/#\/schema\/logo\/image\/\"},\"sameAs\":[\"https:\/\/www.facebook.com\/artpictureshop\/\",\"https:\/\/x.com\/ArtPictureShop1\"]}]}<\/script>\n<!-- \/ Yoast SEO plugin. -->","yoast_head_json":{"title":"Login &#187; Tableaux photo, photos d\u2019art","description":"Entdecken Sie eine einzigartige Auswahl an Fotos f\u00fcr die Wanddekoration, Kunstfotos, Posterfotos, XXL-Fotos auf Designtr\u00e4gern, Aluminium, PVC. Fototafeln f\u00fcr die Inneneinrichtung.","robots":{"index":"index","follow":"follow","max-snippet":"max-snippet:-1","max-image-preview":"max-image-preview:large","max-video-preview":"max-video-preview:-1"},"canonical":"https:\/\/artpictureshop.com\/de\/profile\/login\/","og_locale":"de_DE","og_type":"article","og_title":"Login &#187; Tableaux photo, photos d\u2019art","og_description":"D\u00e9crouvrez un s\u00e9lection unique de photos pour d\u00e9coration murale, photos d\u2019artt, photo poster, photo XXL sur supports design, aluminium, PVC. Tableaux photo pour d\u00e9co d\u2019int\u00e9rieur.","og_url":"https:\/\/artpictureshop.com\/de\/profile\/login\/","og_site_name":"Tableaux photo, photos d\u2019art","article_publisher":"https:\/\/www.facebook.com\/artpictureshop\/","twitter_card":"summary_large_image","twitter_site":"@ArtPictureShop1","schema":{"@context":"https:\/\/schema.org","@graph":[{"@type":"WebPage","@id":"https:\/\/artpictureshop.com\/profile\/login\/","url":"https:\/\/artpictureshop.com\/profile\/login\/","name":"Login &#187; Tableaux photo, photos d\u2019art","isPartOf":{"@id":"https:\/\/artpictureshop.com\/#website"},"datePublished":"2019-09-12T11:10:00+00:00","description":"Entdecken Sie eine einzigartige Auswahl an Fotos f\u00fcr die Wanddekoration, Kunstfotos, Posterfotos, XXL-Fotos auf Designtr\u00e4gern, Aluminium, PVC. Fototafeln f\u00fcr die Inneneinrichtung.","breadcrumb":{"@id":"https:\/\/artpictureshop.com\/profile\/login\/#breadcrumb"},"inLanguage":"de","potentialAction":[{"@type":"ReadAction","target":["https:\/\/artpictureshop.com\/profile\/login\/"]}]},{"@type":"BreadcrumbList","@id":"https:\/\/artpictureshop.com\/profile\/login\/#breadcrumb","itemListElement":[{"@type":"ListItem","position":1,"name":"Accueil","item":"https:\/\/artpictureshop.com\/"},{"@type":"ListItem","position":2,"name":"D\u00e9tails du compte","item":"https:\/\/artpictureshop.com\/profile\/"},{"@type":"ListItem","position":3,"name":"Login"}]},{"@type":"WebSite","@id":"https:\/\/artpictureshop.com\/#website","url":"https:\/\/artpictureshop.com\/","name":"Fotogem\u00e4lde, Kunstfotos","description":"Gro\u00dfe Formate","publisher":{"@id":"https:\/\/artpictureshop.com\/#organization"},"potentialAction":[{"@type":"SearchAction","target":{"@type":"EntryPoint","urlTemplate":"https:\/\/artpictureshop.com\/?s={search_term_string}"},"query-input":{"@type":"PropertyValueSpecification","valueRequired":true,"valueName":"search_term_string"}}],"inLanguage":"de"},{"@type":"Organization","@id":"https:\/\/artpictureshop.com\/#organization","name":"Kunst Bilder Shop","url":"https:\/\/artpictureshop.com\/","logo":{"@type":"ImageObject","inLanguage":"de","@id":"https:\/\/artpictureshop.com\/#\/schema\/logo\/image\/","url":"","contentUrl":"","caption":"Art Picture Shop"},"image":{"@id":"https:\/\/artpictureshop.com\/#\/schema\/logo\/image\/"},"sameAs":["https:\/\/www.facebook.com\/artpictureshop\/","https:\/\/x.com\/ArtPictureShop1"]}]}},"featured_image_src":null,"featured_image_src_square":null,"jetpack_sharing_enabled":true,"_links":{"self":[{"href":"https:\/\/artpictureshop.com\/de\/wp-json\/wp\/v2\/pages\/1329","targetHints":{"allow":["GET"]}}],"collection":[{"href":"https:\/\/artpictureshop.com\/de\/wp-json\/wp\/v2\/pages"}],"about":[{"href":"https:\/\/artpictureshop.com\/de\/wp-json\/wp\/v2\/types\/page"}],"author":[{"embeddable":true,"href":"https:\/\/artpictureshop.com\/de\/wp-json\/wp\/v2\/users\/22"}],"replies":[{"embeddable":true,"href":"https:\/\/artpictureshop.com\/de\/wp-json\/wp\/v2\/comments?post=1329"}],"version-history":[{"count":0,"href":"https:\/\/artpictureshop.com\/de\/wp-json\/wp\/v2\/pages\/1329\/revisions"}],"up":[{"embeddable":true,"href":"https:\/\/artpictureshop.com\/de\/wp-json\/wp\/v2\/pages\/1326"}],"wp:attachment":[{"href":"https:\/\/artpictureshop.com\/de\/wp-json\/wp\/v2\/media?parent=1329"}],"curies":[{"name":"wp","href":"https:\/\/api.w.org\/{rel}","templated":true}]}}