{"id":11,"date":"2019-08-12T14:52:49","date_gmt":"2019-08-12T12:52:49","guid":{"rendered":"https:\/\/artpictureshop.com\/contact-us\/"},"modified":"2022-04-26T15:02:21","modified_gmt":"2022-04-26T13:02:21","slug":"contactez-nous","status":"publish","type":"page","link":"https:\/\/artpictureshop.com\/de\/contactez-nous\/","title":{"rendered":"Kontakt"},"content":{"rendered":"\n<p>Diane Guiauchain Tel<strong> : +33 611518866 <\/strong> (English, fran\u00e7ais, espa\u00f1ol)<\/p>\n\n\n\n<p>E-mail : art@artpictureshop.com<\/p>\n\n\n\n<h4 class=\"wp-block-heading\">Formulaire de contact<\/h4>\n\n\n\n<div class=\"wpforms-container wpforms-container-full\" id=\"wpforms-8653\"><form id=\"wpforms-form-8653\" class=\"wpforms-validate wpforms-form\" data-formid=\"8653\" method=\"post\" enctype=\"multipart\/form-data\" action=\"\/de\/wp-json\/wp\/v2\/pages\/11\" data-token=\"7e74e5c36e1ccb4747f8c8efe5cb8744\" data-token-time=\"1777505272\"><noscript class=\"wpforms-error-noscript\">Bitte aktiviere JavaScript in deinem Browser, um dieses Formular fertigzustellen.<\/noscript><div class=\"wpforms-field-container\"><div id=\"wpforms-8653-field_0-container\" class=\"wpforms-field wpforms-field-name\" data-field-id=\"0\"><label class=\"wpforms-field-label\" for=\"wpforms-8653-field_0\">Nom et Pr\u00e9nom <span class=\"wpforms-required-label\">*<\/span><\/label><input type=\"text\" id=\"wpforms-8653-field_0\" class=\"wpforms-field-large wpforms-field-required\" name=\"wpforms[fields][0]\" required><\/div><div id=\"wpforms-8653-field_1-container\" class=\"wpforms-field wpforms-field-email\" data-field-id=\"1\"><label class=\"wpforms-field-label\" for=\"wpforms-8653-field_1\">E-mail <span class=\"wpforms-required-label\">*<\/span><\/label><input type=\"email\" id=\"wpforms-8653-field_1\" class=\"wpforms-field-medium wpforms-field-required\" name=\"wpforms[fields][1]\" spellcheck=\"false\" required><\/div><div id=\"wpforms-8653-field_4-container\" class=\"wpforms-field wpforms-field-text\" data-field-id=\"4\"><label class=\"wpforms-field-label\" for=\"wpforms-8653-field_4\">Votre t\u00e9l\u00e9phone (facultatif)<\/label><input type=\"text\" id=\"wpforms-8653-field_4\" class=\"wpforms-field-medium\" name=\"wpforms[fields][4]\" ><\/div><div id=\"wpforms-8653-field_3-container\" class=\"wpforms-field wpforms-field-select wpforms-field-select-style-classic\" data-field-id=\"3\"><label class=\"wpforms-field-label\" for=\"wpforms-8653-field_3\">Produit concern\u00e9 (facultatif)<\/label><select id=\"wpforms-8653-field_3\" class=\"wpforms-field-medium\" name=\"wpforms[fields][3]\"><option value=\"8773\"  class=\"choice-0 depth-1\"  >Alpine spirit<\/option><option value=\"8511\"  class=\"choice-1 depth-1\"  >Arbres de lumi\u00e8res<\/option><option value=\"8948\"  class=\"choice-2 depth-1\"  >Arena<\/option><option value=\"8502\"  class=\"choice-3 depth-1\"  >Au pied du Minaret Koweit<\/option><option value=\"8769\"  class=\"choice-4 depth-1\"  >Bain<\/option><option value=\"8558\"  class=\"choice-5 depth-1\"  >Barque Tajmahal<\/option><option value=\"8832\"  class=\"choice-6 depth-1\"  >Barques Marocaines<\/option><option value=\"9189\"  class=\"choice-7 depth-1\"  >Bayon<\/option><option value=\"8767\"  class=\"choice-8 depth-1\"  >B\u00e9b\u00e9 se trampe<\/option><option value=\"8790\"  class=\"choice-9 depth-1\"  >B\u00e9douins<\/option><option value=\"8506\"  class=\"choice-10 depth-1\"  >Big Bang<\/option><option value=\"8844\"  class=\"choice-11 depth-1\"  >Black and white<\/option><option value=\"8627\"  class=\"choice-12 depth-1\"  >Bleu sorbet<\/option><option value=\"8639\"  class=\"choice-13 depth-1\"  >Blue balance<\/option><option value=\"8514\"  class=\"choice-14 depth-1\"  >Blue lights<\/option><option value=\"8854\"  class=\"choice-15 depth-1\"  >Blue sail<\/option><option value=\"8590\"  class=\"choice-16 depth-1\"  >Bordighera eucalyptus<\/option><option value=\"8611\"  class=\"choice-17 depth-1\"  >BROWN LIGHT<\/option><option value=\"8615\"  class=\"choice-18 depth-1\"  >BROWN SUNRISE<\/option><option value=\"8578\"  class=\"choice-19 depth-1\"  >Bulles d'air dans un torrent<\/option><option value=\"2431\"  class=\"choice-20 depth-1\"  >Caminando<\/option><option value=\"8776\"  class=\"choice-21 depth-1\"  >Chemin de glace<\/option><option value=\"8792\"  class=\"choice-22 depth-1\"  >chigopale<\/option><option value=\"8524\"  class=\"choice-23 depth-1\"  >Cime de la Meije<\/option><option value=\"8631\"  class=\"choice-24 depth-1\"  >Clear blue<\/option><option value=\"8534\"  class=\"choice-25 depth-1\"  >Col du Lautaret<\/option><option value=\"8641\"  class=\"choice-26 depth-1\"  >Contrastes<\/option><option value=\"8560\"  class=\"choice-27 depth-1\"  >Cormoran and fisherman<\/option><option value=\"8599\"  class=\"choice-28 depth-1\"  >Coudray Alex<\/option><option value=\"8850\"  class=\"choice-29 depth-1\"  >Cumulus<\/option><option value=\"8518\"  class=\"choice-30 depth-1\"  >Danse Koweit city<\/option><option value=\"8629\"  class=\"choice-31 depth-1\"  >Deep turquoise<\/option><option value=\"8551\"  class=\"choice-32 depth-1\"  >Desert Truck<\/option><option value=\"8572\"  class=\"choice-33 depth-1\"  >Design<\/option><option value=\"8976\"  class=\"choice-34 depth-1\"  >Douceur du bleu<\/option><option value=\"8605\"  class=\"choice-35 depth-1\"  >Duingt<\/option><option value=\"8771\"  class=\"choice-36 depth-1\"  >Dune<\/option><option value=\"8574\"  class=\"choice-37 depth-1\"  >Enfant nomade<\/option><option value=\"8744\"  class=\"choice-38 depth-1\"  >Entre les montagnes<\/option><option value=\"8568\"  class=\"choice-39 depth-1\"  >Erg Occidental<\/option><option value=\"8796\"  class=\"choice-40 depth-1\"  >Et Hop<\/option><option value=\"8586\"  class=\"choice-41 depth-1\"  >Eucalyptus<\/option><option value=\"343\"  class=\"choice-42 depth-1\"  >Eyes<\/option><option value=\"8842\"  class=\"choice-43 depth-1\"  >Feuille<\/option><option value=\"8951\"  class=\"choice-44 depth-1\"  >Feuille glac\u00e9e<\/option><option value=\"8504\"  class=\"choice-45 depth-1\"  >Flash<\/option><option value=\"8584\"  class=\"choice-46 depth-1\"  >for\u00eat de pluie<\/option><option value=\"8828\"  class=\"choice-47 depth-1\"  >Free ride<\/option><option value=\"2429\"  class=\"choice-48 depth-1\"  >Ghost of things past<\/option><option value=\"9181\"  class=\"choice-49 depth-1\"  >Givre<\/option><option value=\"8971\"  class=\"choice-50 depth-1\"  >Givre de diamant<\/option><option value=\"8526\"  class=\"choice-51 depth-1\"  >Glacier de la Meije<\/option><option value=\"8617\"  class=\"choice-52 depth-1\"  >Gold light<\/option><option value=\"8782\"  class=\"choice-53 depth-1\"  >Haute cime<\/option><option value=\"8547\"  class=\"choice-54 depth-1\"  >Hors piste<\/option><option value=\"8623\"  class=\"choice-55 depth-1\"  >Ice<\/option><option value=\"8760\"  class=\"choice-56 depth-1\"  >Ice<\/option><option value=\"8935\"  class=\"choice-57 depth-1\"  >In the earth<\/option><option value=\"2434\"  class=\"choice-58 depth-1\"  >Intense<\/option><option value=\"8742\"  class=\"choice-59 depth-1\"  >Joubarbe du Mercantour<\/option><option value=\"8798\"  class=\"choice-60 depth-1\"  >L'arbre de cristal<\/option><option value=\"8860\"  class=\"choice-61 depth-1\"  >L'aviatrice<\/option><option value=\"8965\"  class=\"choice-62 depth-1\"  >L'iceberg<\/option><option value=\"8956\"  class=\"choice-63 depth-1\"  >L'\u00eele de Robinson<\/option><option value=\"8609\"  class=\"choice-64 depth-1\"  >L'indien<\/option><option value=\"8580\"  class=\"choice-65 depth-1\"  >La branche De Peira Cava<\/option><option value=\"8703\"  class=\"choice-66 depth-1\"  >La casa<\/option><option value=\"8747\"  class=\"choice-67 depth-1\"  >La demoiselle et l'ombrelle<\/option><option value=\"8530\"  class=\"choice-68 depth-1\"  >La Meije<\/option><option value=\"8532\"  class=\"choice-69 depth-1\"  >La Meije au couch\u00e9 du soleil<\/option><option value=\"8852\"  class=\"choice-70 depth-1\"  >Last sunset<\/option><option value=\"8549\"  class=\"choice-71 depth-1\"  >Lavande<\/option><option value=\"8725\"  class=\"choice-72 depth-1\"  >Le coussin de Belle m\u00e8re<\/option><option value=\"8753\"  class=\"choice-73 depth-1\"  >Le cri<\/option><option value=\"8727\"  class=\"choice-74 depth-1\"  >Le jour d'avant<\/option><option value=\"8508\"  class=\"choice-75 depth-1\"  >Le Minaret Koweit City<\/option><option value=\"8749\"  class=\"choice-76 depth-1\"  >Le p\u00eacheur<\/option><option value=\"8700\"  class=\"choice-77 depth-1\"  >Le ponton<\/option><option value=\"8542\"  class=\"choice-78 depth-1\"  >Le Rateau<\/option><option value=\"8595\"  class=\"choice-79 depth-1\"  >Les arbres Semnoz<\/option><option value=\"8564\"  class=\"choice-80 depth-1\"  >Les cavaliers<\/option><option value=\"8566\"  class=\"choice-81 depth-1\"  >Les Drus<\/option><option value=\"8778\"  class=\"choice-82 depth-1\"  >Les Drus<\/option><option value=\"8545\"  class=\"choice-83 depth-1\"  >Les Traces<\/option><option value=\"8625\"  class=\"choice-84 depth-1\"  >LIGHT GOLD<\/option><option value=\"8528\"  class=\"choice-85 depth-1\"  >Ligne<\/option><option value=\"8958\"  class=\"choice-86 depth-1\"  >Lignes electriques<\/option><option value=\"8830\"  class=\"choice-87 depth-1\"  >Marmotton<\/option><option value=\"8855\"  class=\"choice-88 depth-1\"  >Marseille<\/option><option value=\"8562\"  class=\"choice-89 depth-1\"  >M\u00e9ditation<\/option><option value=\"8603\"  class=\"choice-90 depth-1\"  >Mekideche<\/option><option value=\"8963\"  class=\"choice-91 depth-1\"  >Merzouga<\/option><option value=\"8570\"  class=\"choice-92 depth-1\"  >Mirleft<\/option><option value=\"8520\"  class=\"choice-93 depth-1\"  >Mosqu\u00e9e Koweit city<\/option><option value=\"8840\"  class=\"choice-94 depth-1\"  >Moteur<\/option><option value=\"8758\"  class=\"choice-95 depth-1\"  >Mouillage de glace<\/option><option value=\"9195\"  class=\"choice-96 depth-1\"  >Myanmar<\/option><option value=\"8538\"  class=\"choice-97 depth-1\"  >Narcisses<\/option><option value=\"8784\"  class=\"choice-98 depth-1\"  >New York escape<\/option><option value=\"8635\"  class=\"choice-99 depth-1\"  >No limit<\/option><option value=\"8788\"  class=\"choice-100 depth-1\"  >No name<\/option><option value=\"8762\"  class=\"choice-101 depth-1\"  >Nomade<\/option><option value=\"8764\"  class=\"choice-102 depth-1\"  >Nomade thea<\/option><option value=\"2441\"  class=\"choice-103 depth-1\"  >Novice and candles - Paul Papadopoulos<\/option><option value=\"8637\"  class=\"choice-104 depth-1\"  >Old pastel<\/option><option value=\"8933\"  class=\"choice-105 depth-1\"  >On the road again<\/option><option value=\"8939\"  class=\"choice-106 depth-1\"  >Pastel de Los Volcanos<\/option><option value=\"8718\"  class=\"choice-107 depth-1\"  >Patera<\/option><option value=\"8592\"  class=\"choice-108 depth-1\"  >Perles d'eaux<\/option><option value=\"8826\"  class=\"choice-109 depth-1\"  >Pivoine<\/option><option value=\"8755\"  class=\"choice-110 depth-1\"  >Plongeons glac\u00e9s<\/option><option value=\"8969\"  class=\"choice-111 depth-1\"  >Pousse de mousse<\/option><option value=\"8582\"  class=\"choice-112 depth-1\"  >Pousse de mousse et gouttes<\/option><option value=\"8801\"  class=\"choice-113 depth-1\"  >Reflect<\/option><option value=\"8645\"  class=\"choice-114 depth-1\"  >Regards crois\u00e9s<\/option><option value=\"8822\"  class=\"choice-115 depth-1\"  >Rhinoc\u00e9ros Blanc<\/option><option value=\"8556\"  class=\"choice-116 depth-1\"  >Route Malgache<\/option><option value=\"8731\"  class=\"choice-117 depth-1\"  >Sa majest\u00e9 le l\u00e9opard<\/option><option value=\"2439\"  class=\"choice-118 depth-1\"  >Sanskrit<\/option><option value=\"8621\"  class=\"choice-119 depth-1\"  >Sea or sky<\/option><option value=\"8601\"  class=\"choice-120 depth-1\"  >Sebastien Michaud<\/option><option value=\"8510\"  class=\"choice-121 depth-1\"  >Seine<\/option><option value=\"8607\"  class=\"choice-122 depth-1\"  >Sequence Funboard<\/option><option value=\"8597\"  class=\"choice-123 depth-1\"  >Snowboard Michaud<\/option><option value=\"8536\"  class=\"choice-124 depth-1\"  >Snowkite La Meije Johan Civel<\/option><option value=\"8588\"  class=\"choice-125 depth-1\"  >Sorbet de Crocus<\/option><option value=\"2443\"  class=\"choice-126 depth-1\"  >Sunrays 1<\/option><option value=\"8846\"  class=\"choice-127 depth-1\"  >Sunrise<\/option><option value=\"8858\"  class=\"choice-128 depth-1\"  >Sunset<\/option><option value=\"8723\"  class=\"choice-129 depth-1\"  >Sunset en los volcanos<\/option><option value=\"8945\"  class=\"choice-130 depth-1\"  >Sunset en Los Volcanos<\/option><option value=\"8751\"  class=\"choice-131 depth-1\"  >Sur la proue<\/option><option value=\"8848\"  class=\"choice-132 depth-1\"  >Suspendues<\/option><option value=\"8522\"  class=\"choice-133 depth-1\"  >Tafus<\/option><option value=\"8960\"  class=\"choice-134 depth-1\"  >Temp\u00eate<\/option><option value=\"8516\"  class=\"choice-135 depth-1\"  >The Dome Koweit<\/option><option value=\"8619\"  class=\"choice-136 depth-1\"  >The peint<\/option><option value=\"8720\"  class=\"choice-137 depth-1\"  >The road<\/option><option value=\"8735\"  class=\"choice-138 depth-1\"  >The Wave<\/option><option value=\"8794\"  class=\"choice-139 depth-1\"  >Tige de Lys DJ11<\/option><option value=\"8613\"  class=\"choice-140 depth-1\"  >Turquoise<\/option><option value=\"2445\"  class=\"choice-141 depth-1\"  >Umbrellas 1<\/option><option value=\"8978\"  class=\"choice-142 depth-1\"  >Un balcon de Toscane<\/option><option value=\"8705\"  class=\"choice-143 depth-1\"  >Un matin \u00e0 Famara<\/option><option value=\"8714\"  class=\"choice-144 depth-1\"  >Une femme<\/option><option value=\"8716\"  class=\"choice-145 depth-1\"  >Une vague \u00e0 l'aurore<\/option><option value=\"8786\"  class=\"choice-146 depth-1\"  >Urban Planet<\/option><option value=\"8941\"  class=\"choice-147 depth-1\"  >Vague de Famara<\/option><option value=\"8696\"  class=\"choice-148 depth-1\"  >Vague de Tehaupo<\/option><option value=\"8576\"  class=\"choice-149 depth-1\"  >Vieille godasse<\/option><option value=\"8974\"  class=\"choice-150 depth-1\"  >Voile de glace<\/option><option value=\"8729\"  class=\"choice-151 depth-1\"  >Vol en Toscane<\/option><option value=\"8633\"  class=\"choice-152 depth-1\"  >Yelolow blue<\/option><\/select><\/div><div id=\"wpforms-8653-field_2-container\" class=\"wpforms-field wpforms-field-textarea\" data-field-id=\"2\"><label class=\"wpforms-field-label\" for=\"wpforms-8653-field_2\">Votre message <span class=\"wpforms-required-label\">*<\/span><\/label><textarea id=\"wpforms-8653-field_2\" class=\"wpforms-field-medium wpforms-field-required\" name=\"wpforms[fields][2]\" required><\/textarea><\/div><\/div><!-- .wpforms-field-container --><div class=\"wpforms-field wpforms-field-hp\"><label for=\"wpforms-8653-field-hp\" class=\"wpforms-field-label\">Name<\/label><input type=\"text\" name=\"wpforms[hp]\" id=\"wpforms-8653-field-hp\" class=\"wpforms-field-medium\"><\/div><div class=\"wpforms-submit-container\" ><input type=\"hidden\" name=\"wpforms[id]\" value=\"8653\"><input type=\"hidden\" name=\"page_title\" value=\"\"><input type=\"hidden\" name=\"page_url\" value=\"https:\/\/artpictureshop.com\/de\/wp-json\/wp\/v2\/pages\/11\"><input type=\"hidden\" name=\"url_referer\" value=\"\"><button type=\"submit\" name=\"wpforms[submit]\" id=\"wpforms-submit-8653\" class=\"wpforms-submit\" data-alt-text=\"Envoi...\" data-submit-text=\"Envoyer\" aria-live=\"assertive\" value=\"wpforms-submit\">Envoyer<\/button><\/div><\/form><\/div>  <!-- .wpforms-container -->\n","protected":false},"excerpt":{"rendered":"<p>Diane Guiauchain Tel : +33 611518866 (English, fran\u00e7ais, espa\u00f1ol) E-mail : art@artpictureshop.com Formulaire de contact<\/p>","protected":false},"author":22,"featured_media":0,"parent":0,"menu_order":0,"comment_status":"closed","ping_status":"closed","template":"","meta":{"_genesis_hide_title":false,"_genesis_hide_breadcrumbs":false,"_genesis_hide_singular_image":false,"_genesis_hide_footer_widgets":false,"_genesis_custom_body_class":"","_genesis_custom_post_class":"","_genesis_layout":"","footnotes":""},"class_list":{"0":"post-11","1":"page","2":"type-page","3":"status-publish","5":"entry"},"yoast_head":"<!-- This site is optimized with the Yoast SEO plugin v26.8 - https:\/\/yoast.com\/product\/yoast-seo-wordpress\/ -->\n<title>Contactez-nous &#187; Tableaux photo, photos d\u2019art<\/title>\n<meta name=\"description\" content=\"D\u00e9crouvrez un s\u00e9lection unique de photos pour d\u00e9coration murale, photos d\u2019artt, photo poster, photo XXL sur supports design, aluminium, PVC. Tableaux photo pour d\u00e9co d\u2019int\u00e9rieur.\" \/>\n<meta name=\"robots\" content=\"index, follow, max-snippet:-1, max-image-preview:large, max-video-preview:-1\" \/>\n<link rel=\"canonical\" href=\"https:\/\/artpictureshop.com\/de\/contactez-nous\/\" \/>\n<meta property=\"og:locale\" content=\"de_DE\" \/>\n<meta property=\"og:type\" content=\"article\" \/>\n<meta property=\"og:title\" content=\"Contactez-nous &#187; Tableaux photo, photos d\u2019art\" \/>\n<meta property=\"og:description\" content=\"D\u00e9crouvrez un s\u00e9lection unique de photos pour d\u00e9coration murale, photos d\u2019artt, photo poster, photo XXL sur supports design, aluminium, PVC. Tableaux photo pour d\u00e9co d\u2019int\u00e9rieur.\" \/>\n<meta property=\"og:url\" content=\"https:\/\/artpictureshop.com\/de\/contactez-nous\/\" \/>\n<meta property=\"og:site_name\" content=\"Tableaux photo, photos d\u2019art\" \/>\n<meta property=\"article:publisher\" content=\"https:\/\/www.facebook.com\/artpictureshop\/\" \/>\n<meta property=\"article:modified_time\" content=\"2022-04-26T13:02:21+00:00\" \/>\n<meta name=\"twitter:card\" content=\"summary_large_image\" \/>\n<meta name=\"twitter:site\" content=\"@ArtPictureShop1\" \/>\n<meta name=\"twitter:label1\" content=\"Gesch\u00e4tzte Lesezeit\" \/>\n\t<meta name=\"twitter:data1\" content=\"1\u00a0Minute\" \/>\n<script type=\"application\/ld+json\" class=\"yoast-schema-graph\">{\"@context\":\"https:\/\/schema.org\",\"@graph\":[{\"@type\":\"WebPage\",\"@id\":\"https:\/\/artpictureshop.com\/contactez-nous\/\",\"url\":\"https:\/\/artpictureshop.com\/contactez-nous\/\",\"name\":\"Contactez-nous &#187; Tableaux photo, photos d\u2019art\",\"isPartOf\":{\"@id\":\"https:\/\/artpictureshop.com\/#website\"},\"datePublished\":\"2019-08-12T12:52:49+00:00\",\"dateModified\":\"2022-04-26T13:02:21+00:00\",\"description\":\"D\u00e9crouvrez un s\u00e9lection unique de photos pour d\u00e9coration murale, photos d\u2019artt, photo poster, photo XXL sur supports design, aluminium, PVC. Tableaux photo pour d\u00e9co d\u2019int\u00e9rieur.\",\"breadcrumb\":{\"@id\":\"https:\/\/artpictureshop.com\/contactez-nous\/#breadcrumb\"},\"inLanguage\":\"de\",\"potentialAction\":[{\"@type\":\"ReadAction\",\"target\":[\"https:\/\/artpictureshop.com\/contactez-nous\/\"]}]},{\"@type\":\"BreadcrumbList\",\"@id\":\"https:\/\/artpictureshop.com\/contactez-nous\/#breadcrumb\",\"itemListElement\":[{\"@type\":\"ListItem\",\"position\":1,\"name\":\"Accueil\",\"item\":\"https:\/\/artpictureshop.com\/\"},{\"@type\":\"ListItem\",\"position\":2,\"name\":\"Contactez-nous\"}]},{\"@type\":\"WebSite\",\"@id\":\"https:\/\/artpictureshop.com\/#website\",\"url\":\"https:\/\/artpictureshop.com\/\",\"name\":\"Tableaux photo, photos d\u2019art\",\"description\":\"Grands formats\",\"publisher\":{\"@id\":\"https:\/\/artpictureshop.com\/#organization\"},\"potentialAction\":[{\"@type\":\"SearchAction\",\"target\":{\"@type\":\"EntryPoint\",\"urlTemplate\":\"https:\/\/artpictureshop.com\/?s={search_term_string}\"},\"query-input\":{\"@type\":\"PropertyValueSpecification\",\"valueRequired\":true,\"valueName\":\"search_term_string\"}}],\"inLanguage\":\"de\"},{\"@type\":\"Organization\",\"@id\":\"https:\/\/artpictureshop.com\/#organization\",\"name\":\"Art Picture Shop\",\"url\":\"https:\/\/artpictureshop.com\/\",\"logo\":{\"@type\":\"ImageObject\",\"inLanguage\":\"de\",\"@id\":\"https:\/\/artpictureshop.com\/#\/schema\/logo\/image\/\",\"url\":\"\",\"contentUrl\":\"\",\"caption\":\"Art Picture Shop\"},\"image\":{\"@id\":\"https:\/\/artpictureshop.com\/#\/schema\/logo\/image\/\"},\"sameAs\":[\"https:\/\/www.facebook.com\/artpictureshop\/\",\"https:\/\/x.com\/ArtPictureShop1\"]}]}<\/script>\n<!-- \/ Yoast SEO plugin. -->","yoast_head_json":{"title":"Contactez-nous &#187; Tableaux photo, photos d\u2019art","description":"Entdecken Sie eine einzigartige Auswahl an Fotos f\u00fcr die Wanddekoration, Kunstfotos, Posterfotos, XXL-Fotos auf Designtr\u00e4gern, Aluminium, PVC. Fototafeln f\u00fcr die Inneneinrichtung.","robots":{"index":"index","follow":"follow","max-snippet":"max-snippet:-1","max-image-preview":"max-image-preview:large","max-video-preview":"max-video-preview:-1"},"canonical":"https:\/\/artpictureshop.com\/de\/contactez-nous\/","og_locale":"de_DE","og_type":"article","og_title":"Contactez-nous &#187; Tableaux photo, photos d\u2019art","og_description":"D\u00e9crouvrez un s\u00e9lection unique de photos pour d\u00e9coration murale, photos d\u2019artt, photo poster, photo XXL sur supports design, aluminium, PVC. Tableaux photo pour d\u00e9co d\u2019int\u00e9rieur.","og_url":"https:\/\/artpictureshop.com\/de\/contactez-nous\/","og_site_name":"Tableaux photo, photos d\u2019art","article_publisher":"https:\/\/www.facebook.com\/artpictureshop\/","article_modified_time":"2022-04-26T13:02:21+00:00","twitter_card":"summary_large_image","twitter_site":"@ArtPictureShop1","twitter_misc":{"Gesch\u00e4tzte Lesezeit":"1\u00a0Minute"},"schema":{"@context":"https:\/\/schema.org","@graph":[{"@type":"WebPage","@id":"https:\/\/artpictureshop.com\/contactez-nous\/","url":"https:\/\/artpictureshop.com\/contactez-nous\/","name":"Contactez-nous &#187; Tableaux photo, photos d\u2019art","isPartOf":{"@id":"https:\/\/artpictureshop.com\/#website"},"datePublished":"2019-08-12T12:52:49+00:00","dateModified":"2022-04-26T13:02:21+00:00","description":"Entdecken Sie eine einzigartige Auswahl an Fotos f\u00fcr die Wanddekoration, Kunstfotos, Posterfotos, XXL-Fotos auf Designtr\u00e4gern, Aluminium, PVC. Fototafeln f\u00fcr die Inneneinrichtung.","breadcrumb":{"@id":"https:\/\/artpictureshop.com\/contactez-nous\/#breadcrumb"},"inLanguage":"de","potentialAction":[{"@type":"ReadAction","target":["https:\/\/artpictureshop.com\/contactez-nous\/"]}]},{"@type":"BreadcrumbList","@id":"https:\/\/artpictureshop.com\/contactez-nous\/#breadcrumb","itemListElement":[{"@type":"ListItem","position":1,"name":"Accueil","item":"https:\/\/artpictureshop.com\/"},{"@type":"ListItem","position":2,"name":"Contactez-nous"}]},{"@type":"WebSite","@id":"https:\/\/artpictureshop.com\/#website","url":"https:\/\/artpictureshop.com\/","name":"Fotogem\u00e4lde, Kunstfotos","description":"Gro\u00dfe Formate","publisher":{"@id":"https:\/\/artpictureshop.com\/#organization"},"potentialAction":[{"@type":"SearchAction","target":{"@type":"EntryPoint","urlTemplate":"https:\/\/artpictureshop.com\/?s={search_term_string}"},"query-input":{"@type":"PropertyValueSpecification","valueRequired":true,"valueName":"search_term_string"}}],"inLanguage":"de"},{"@type":"Organization","@id":"https:\/\/artpictureshop.com\/#organization","name":"Kunst Bilder Shop","url":"https:\/\/artpictureshop.com\/","logo":{"@type":"ImageObject","inLanguage":"de","@id":"https:\/\/artpictureshop.com\/#\/schema\/logo\/image\/","url":"","contentUrl":"","caption":"Art Picture Shop"},"image":{"@id":"https:\/\/artpictureshop.com\/#\/schema\/logo\/image\/"},"sameAs":["https:\/\/www.facebook.com\/artpictureshop\/","https:\/\/x.com\/ArtPictureShop1"]}]}},"featured_image_src":null,"featured_image_src_square":null,"jetpack_sharing_enabled":true,"_links":{"self":[{"href":"https:\/\/artpictureshop.com\/de\/wp-json\/wp\/v2\/pages\/11","targetHints":{"allow":["GET"]}}],"collection":[{"href":"https:\/\/artpictureshop.com\/de\/wp-json\/wp\/v2\/pages"}],"about":[{"href":"https:\/\/artpictureshop.com\/de\/wp-json\/wp\/v2\/types\/page"}],"author":[{"embeddable":true,"href":"https:\/\/artpictureshop.com\/de\/wp-json\/wp\/v2\/users\/22"}],"replies":[{"embeddable":true,"href":"https:\/\/artpictureshop.com\/de\/wp-json\/wp\/v2\/comments?post=11"}],"version-history":[{"count":2,"href":"https:\/\/artpictureshop.com\/de\/wp-json\/wp\/v2\/pages\/11\/revisions"}],"predecessor-version":[{"id":9256,"href":"https:\/\/artpictureshop.com\/de\/wp-json\/wp\/v2\/pages\/11\/revisions\/9256"}],"wp:attachment":[{"href":"https:\/\/artpictureshop.com\/de\/wp-json\/wp\/v2\/media?parent=11"}],"curies":[{"name":"wp","href":"https:\/\/api.w.org\/{rel}","templated":true}]}}